{"id":10127,"date":"2022-03-02T16:59:31","date_gmt":"2022-03-02T15:59:31","guid":{"rendered":"https:\/\/www.breesnewworld.nl\/?post_type=product&#038;p=10127"},"modified":"2025-10-03T11:53:27","modified_gmt":"2025-10-03T09:53:27","slug":"fly-barhocker-medium","status":"publish","type":"product","link":"https:\/\/www.breesnewworld.nl\/de\/sammlung\/barkrukken\/fly-barhocker-medium\/","title":{"rendered":"Fly Barhocker \u2013 mittelgro\u00df"},"content":{"rendered":"","protected":false},"excerpt":{"rendered":"Der moderne Barhocker Fly ist eine sch\u00f6ne Erg\u00e4nzung zum gleichnamigen Esszimmerstuhl. Die wachsende Beliebtheit von K\u00fcchen mit Kochinsel oder Bar f\u00fchrt dazu, dass auch die Nachfrage nach Barhockern, die zum Essbereich passen, steigt. Deshalb wurde der Barhocker Fly entwickelt, der eine etwas kleinere Sitzfl\u00e4che als der Esszimmerstuhl hat, aber die gleiche elegante Linienf\u00fchrung in der R\u00fcckenlehne aufweist. Als Basis wurde ein d\u00fcnnes Metallschlittengestell gew\u00e4hlt, das dem Fly ein angenehmes und luftiges Gef\u00fchl verleiht. Neben dem hohen Barhocker Fly umfasst unsere Kollektion auch einen niedrigen Barhocker und <a href=\"https:\/\/www.breesnewworld.nl\/de\/sammlung\/eetkamerstoelen\/fliegen\/\">Essensstuhl<\/a> fliegen.","protected":false},"featured_media":10123,"template":"","meta":{"_acf_changed":false},"product_brand":[],"product_cat":[79],"product_tag":[],"class_list":{"0":"post-10127","1":"product","2":"type-product","3":"status-publish","4":"has-post-thumbnail","6":"product_cat-barkrukken","8":"first","9":"instock","10":"taxable","11":"shipping-taxable","12":"product-type-simple"},"exclude_global_add_ons":[],"addons":[],"acf":[],"yoast_head":null,"yoast_head_json":null,"_links":{"self":[{"href":"https:\/\/www.breesnewworld.nl\/de\/wp-json\/wp\/v2\/product\/10127","targetHints":{"allow":["GET"]}}],"collection":[{"href":"https:\/\/www.breesnewworld.nl\/de\/wp-json\/wp\/v2\/product"}],"about":[{"href":"https:\/\/www.breesnewworld.nl\/de\/wp-json\/wp\/v2\/types\/product"}],"wp:featuredmedia":[{"embeddable":true,"href":"https:\/\/www.breesnewworld.nl\/de\/wp-json\/wp\/v2\/media\/10123"}],"wp:attachment":[{"href":"https:\/\/www.breesnewworld.nl\/de\/wp-json\/wp\/v2\/media?parent=10127"}],"wp:term":[{"taxonomy":"product_brand","embeddable":true,"href":"https:\/\/www.breesnewworld.nl\/de\/wp-json\/wp\/v2\/product_brand?post=10127"},{"taxonomy":"product_cat","embeddable":true,"href":"https:\/\/www.breesnewworld.nl\/de\/wp-json\/wp\/v2\/product_cat?post=10127"},{"taxonomy":"product_tag","embeddable":true,"href":"https:\/\/www.breesnewworld.nl\/de\/wp-json\/wp\/v2\/product_tag?post=10127"}],"curies":[{"name":"wp","href":"https:\/\/api.w.org\/{rel}","templated":true}]}}