{"id":10160,"date":"2022-03-26T23:03:23","date_gmt":"2022-03-26T22:03:23","guid":{"rendered":"https:\/\/www.breesnewworld.nl\/?post_type=product&#038;p=10160"},"modified":"2025-10-10T13:50:03","modified_gmt":"2025-10-10T11:50:03","slug":"cloudy-top-couchtische","status":"publish","type":"product","link":"https:\/\/www.breesnewworld.nl\/de\/sammlung\/salontafels-en-bijzettafels\/cloudy-top-couchtische\/","title":{"rendered":"Cloudy Top Couchtische"},"content":{"rendered":"","protected":false},"excerpt":{"rendered":"Nach der Einf\u00fchrung der Cloudy-Couchtische ist die \u201eFamilie\u201c der Cloudy-Couchtische und Beistelltische mittlerweile recht umfangreich geworden, genau wie die des Twinny. Mit den Cloudy Top Couchtischen erhalten Sie ein h\u00fcbsches Couchtisch-Set, das nicht zu viel Platz einnimmt. K\u00f6nnte der Platz vor Ihrem Sofa etwas mehr Polsterung vertragen? Das Cloudy Top eignet sich auch sehr gut zum Aufh\u00e4ngen \u00fcber einem der <a href=\"https:\/\/www.breesnewworld.nl\/de\/sammlung\/salontafels-en-bijzettafels\/trub-hpl-plastica\/\">Cloudy Couchtische<\/a> schlittern. Dar\u00fcber hinaus k\u00f6nnen Sie das Cloudy Top auch als separaten Beistelltisch verwenden, zum Beispiel neben einem Sessel. Designer: Peter Schreuder Goedheijt.","protected":false},"featured_media":10162,"template":"","meta":{"_acf_changed":false},"product_brand":[],"product_cat":[77,105],"product_tag":[],"class_list":{"0":"post-10160","1":"product","2":"type-product","3":"status-publish","4":"has-post-thumbnail","6":"product_cat-salontafels-en-bijzettafels","7":"product_cat-tafel-bij-bank","9":"first","10":"instock","11":"taxable","12":"shipping-taxable","13":"product-type-simple"},"exclude_global_add_ons":[],"addons":[],"acf":[],"yoast_head":null,"yoast_head_json":null,"_links":{"self":[{"href":"https:\/\/www.breesnewworld.nl\/de\/wp-json\/wp\/v2\/product\/10160","targetHints":{"allow":["GET"]}}],"collection":[{"href":"https:\/\/www.breesnewworld.nl\/de\/wp-json\/wp\/v2\/product"}],"about":[{"href":"https:\/\/www.breesnewworld.nl\/de\/wp-json\/wp\/v2\/types\/product"}],"wp:featuredmedia":[{"embeddable":true,"href":"https:\/\/www.breesnewworld.nl\/de\/wp-json\/wp\/v2\/media\/10162"}],"wp:attachment":[{"href":"https:\/\/www.breesnewworld.nl\/de\/wp-json\/wp\/v2\/media?parent=10160"}],"wp:term":[{"taxonomy":"product_brand","embeddable":true,"href":"https:\/\/www.breesnewworld.nl\/de\/wp-json\/wp\/v2\/product_brand?post=10160"},{"taxonomy":"product_cat","embeddable":true,"href":"https:\/\/www.breesnewworld.nl\/de\/wp-json\/wp\/v2\/product_cat?post=10160"},{"taxonomy":"product_tag","embeddable":true,"href":"https:\/\/www.breesnewworld.nl\/de\/wp-json\/wp\/v2\/product_tag?post=10160"}],"curies":[{"name":"wp","href":"https:\/\/api.w.org\/{rel}","templated":true}]}}