{"id":10167,"date":"2022-03-27T10:39:57","date_gmt":"2022-03-27T08:39:57","guid":{"rendered":"https:\/\/www.breesnewworld.nl\/?post_type=product&#038;p=10167"},"modified":"2025-10-17T16:14:30","modified_gmt":"2025-10-17T14:14:30","slug":"trube-beistelltische","status":"publish","type":"product","link":"https:\/\/www.breesnewworld.nl\/de\/sammlung\/salontafels-en-bijzettafels\/trube-beistelltische\/","title":{"rendered":"Bew\u00f6lkt \u2013 Ecktische"},"content":{"rendered":"","protected":false},"excerpt":{"rendered":"Nach der Einf\u00fchrung des Cloudy <a href=\"https:\/\/www.breesnewworld.nl\/de\/sammlung\/salontafels-en-bijzettafels\/trub-hpl-plastica\/\">Kaffeetisch<\/a> die \u201eFamilie\u201c der Couch- und Beistelltische Cloudy wurde jetzt, genau wie die der Twinny, erheblich erweitert. Die Cloudy-Beistelltische (oder \u201eEcktische\u201c, wie wir sie normalerweise nennen) k\u00f6nnen dank ihres geringen Gewichts und minimalistischen Designs \u00fcberall im Haus aufgestellt werden. Neben dem Sofa als Ecktisch, neben einem Sessel als Beistelltisch oder als Lampentisch im Flur oder Wohnzimmer. Dank der vielen Materialoptionen k\u00f6nnen diese kleinen Cloudys auch an viele Einrichtungstypen angepasst werden. W\u00e4hlen Sie die Kombination, die zu Ihnen passt: von einem Set in Marmoroptik \u00fcber Holz mit Keramik bis hin zu FenixNTM mit Holzfurnier und verschiedenen HPL-Kombinationen. Die Cloudy-Beistelltische k\u00f6nnen nicht nur als Zweierset, sondern auch als Dreierset verwendet werden, da die Beine in drei verschiedenen H\u00f6hen erh\u00e4ltlich sind. Designer: Peter Schreuder Goedheijt.","protected":false},"featured_media":10168,"template":"","meta":{"_acf_changed":false},"product_brand":[],"product_cat":[77,105],"product_tag":[],"class_list":{"0":"post-10167","1":"product","2":"type-product","3":"status-publish","4":"has-post-thumbnail","6":"product_cat-salontafels-en-bijzettafels","7":"product_cat-tafel-bij-bank","9":"first","10":"instock","11":"taxable","12":"shipping-taxable","13":"product-type-simple"},"exclude_global_add_ons":[],"addons":[],"acf":[],"yoast_head":null,"yoast_head_json":null,"_links":{"self":[{"href":"https:\/\/www.breesnewworld.nl\/de\/wp-json\/wp\/v2\/product\/10167","targetHints":{"allow":["GET"]}}],"collection":[{"href":"https:\/\/www.breesnewworld.nl\/de\/wp-json\/wp\/v2\/product"}],"about":[{"href":"https:\/\/www.breesnewworld.nl\/de\/wp-json\/wp\/v2\/types\/product"}],"wp:featuredmedia":[{"embeddable":true,"href":"https:\/\/www.breesnewworld.nl\/de\/wp-json\/wp\/v2\/media\/10168"}],"wp:attachment":[{"href":"https:\/\/www.breesnewworld.nl\/de\/wp-json\/wp\/v2\/media?parent=10167"}],"wp:term":[{"taxonomy":"product_brand","embeddable":true,"href":"https:\/\/www.breesnewworld.nl\/de\/wp-json\/wp\/v2\/product_brand?post=10167"},{"taxonomy":"product_cat","embeddable":true,"href":"https:\/\/www.breesnewworld.nl\/de\/wp-json\/wp\/v2\/product_cat?post=10167"},{"taxonomy":"product_tag","embeddable":true,"href":"https:\/\/www.breesnewworld.nl\/de\/wp-json\/wp\/v2\/product_tag?post=10167"}],"curies":[{"name":"wp","href":"https:\/\/api.w.org\/{rel}","templated":true}]}}