{"id":10169,"date":"2022-03-29T15:28:25","date_gmt":"2022-03-29T13:28:25","guid":{"rendered":"https:\/\/www.breesnewworld.nl\/?post_type=product&#038;p=10169"},"modified":"2025-10-03T12:21:43","modified_gmt":"2025-10-03T10:21:43","slug":"rikki-barhocker-hoch","status":"publish","type":"product","link":"https:\/\/www.breesnewworld.nl\/de\/collectie\/barkrukken\/rikki-barkruk-hoog\/","title":{"rendered":"Rikki Barhocker \u2013 hoch"},"content":{"rendered":"","protected":false},"excerpt":{"rendered":"Der Barhocker Rikki ist ein moderner Barhocker mit eleganter, dezenter Optik. Das minimalistische Kufengestell h\u00e4lt diesen Barstuhl sch\u00f6n luftig, ist aber dennoch sehr stabil. Mit einem schwarzen Gestell und einer Sitzfl\u00e4che aus robustem, abgenutztem Leder sieht dieser Barhocker sehr gut aus, wenn Sie dem Interieur Ihres Pubs oder Wohnzimmers einen warmen, industriellen Look verleihen m\u00f6chten. Wie alle Barhocker von Bree&#039;s New World ist der Rikki in zwei H\u00f6hen erh\u00e4ltlich, um unterschiedliche Einsatzm\u00f6glichkeiten zu bieten. Dieser Barhocker kann in der K\u00fcche an einer Kochinsel, aber auch an einem Stehtisch oder einer Bar verwendet werden. Der Rahmen ist in Edelstahl oder Epoxidharz erh\u00e4ltlich. Neben diesem hohen Barhocker gibt es auch den <a href=\"https:\/\/www.breesnewworld.nl\/de\/sammlung\/barkrukken\/rikki-barhocker-niedrig\/\">mittlerer Rikki Barhocker<\/a>, ebenso wie <a href=\"https:\/\/www.breesnewworld.nl\/de\/sammlung\/eetkamerstoelen\/rikki-pfote\/\">Essensstuhl<\/a> Rikki.","protected":false},"featured_media":10171,"template":"","meta":{"_acf_changed":false},"product_brand":[],"product_cat":[79],"product_tag":[],"class_list":{"0":"post-10169","1":"product","2":"type-product","3":"status-publish","4":"has-post-thumbnail","6":"product_cat-barkrukken","8":"first","9":"instock","10":"taxable","11":"shipping-taxable","12":"product-type-simple"},"exclude_global_add_ons":[],"addons":[],"acf":[],"yoast_head":null,"yoast_head_json":null,"_links":{"self":[{"href":"https:\/\/www.breesnewworld.nl\/de\/wp-json\/wp\/v2\/product\/10169","targetHints":{"allow":["GET"]}}],"collection":[{"href":"https:\/\/www.breesnewworld.nl\/de\/wp-json\/wp\/v2\/product"}],"about":[{"href":"https:\/\/www.breesnewworld.nl\/de\/wp-json\/wp\/v2\/types\/product"}],"wp:featuredmedia":[{"embeddable":true,"href":"https:\/\/www.breesnewworld.nl\/de\/wp-json\/wp\/v2\/media\/10171"}],"wp:attachment":[{"href":"https:\/\/www.breesnewworld.nl\/de\/wp-json\/wp\/v2\/media?parent=10169"}],"wp:term":[{"taxonomy":"product_brand","embeddable":true,"href":"https:\/\/www.breesnewworld.nl\/de\/wp-json\/wp\/v2\/product_brand?post=10169"},{"taxonomy":"product_cat","embeddable":true,"href":"https:\/\/www.breesnewworld.nl\/de\/wp-json\/wp\/v2\/product_cat?post=10169"},{"taxonomy":"product_tag","embeddable":true,"href":"https:\/\/www.breesnewworld.nl\/de\/wp-json\/wp\/v2\/product_tag?post=10169"}],"curies":[{"name":"wp","href":"https:\/\/api.w.org\/{rel}","templated":true}]}}