{"id":10176,"date":"2022-03-29T15:44:47","date_gmt":"2022-03-29T13:44:47","guid":{"rendered":"https:\/\/www.breesnewworld.nl\/?post_type=product&#038;p=10176"},"modified":"2025-10-03T12:23:06","modified_gmt":"2025-10-03T10:23:06","slug":"rikki-barhocker-niedrig","status":"publish","type":"product","link":"https:\/\/www.breesnewworld.nl\/de\/collectie\/barkrukken\/rikki-barkruk-medium\/","title":{"rendered":"Rikki Barhocker \u2013 mittelgro\u00df"},"content":{"rendered":"","protected":false},"excerpt":{"rendered":"Barhocker Rikki ist ein moderner Barhocker mit elegantem, dezentem Look. Das minimalistische Kufengestell verleiht dem Barhocker ein angenehmes, luftiges Gef\u00fchl und ist dennoch sehr stabil. Mit seinem schwarzen Gestell und der Sitzfl\u00e4che aus robustem, verwittertem Leder ist dieser Barhocker eine gute Wahl, wenn Sie Ihrem Pub oder Wohnzimmer einen warmen, industriellen Look verleihen m\u00f6chten. Wie alle Barhocker von Bree&#039;s New World ist auch Rikki in zwei H\u00f6hen erh\u00e4ltlich und bietet so vielf\u00e4ltige Einsatzm\u00f6glichkeiten. So kann dieser Barhocker beispielsweise in der K\u00fcche an einer Kochinsel, aber auch an einem Stehtisch oder einer Bar eingesetzt werden. Das Gestell ist in Edelstahl oder Epoxidharz erh\u00e4ltlich. Neben diesem mittelgro\u00dfen Barhocker gibt es auch den <a href=\"https:\/\/www.breesnewworld.nl\/de\/sammlung\/barkrukken\/rikki-barhocker-hoch\/\">hoher Barhocker Rikki<\/a>, ebenso wie <a href=\"https:\/\/www.breesnewworld.nl\/de\/sammlung\/eetkamerstoelen\/rikki-pfote\/\">Essensstuhl<\/a> Rikki.","protected":false},"featured_media":10170,"template":"","meta":{"_acf_changed":false},"product_brand":[],"product_cat":[79],"product_tag":[],"class_list":{"0":"post-10176","1":"product","2":"type-product","3":"status-publish","4":"has-post-thumbnail","6":"product_cat-barkrukken","8":"first","9":"instock","10":"taxable","11":"shipping-taxable","12":"product-type-simple"},"exclude_global_add_ons":[],"addons":[],"acf":[],"yoast_head":null,"yoast_head_json":null,"_links":{"self":[{"href":"https:\/\/www.breesnewworld.nl\/de\/wp-json\/wp\/v2\/product\/10176","targetHints":{"allow":["GET"]}}],"collection":[{"href":"https:\/\/www.breesnewworld.nl\/de\/wp-json\/wp\/v2\/product"}],"about":[{"href":"https:\/\/www.breesnewworld.nl\/de\/wp-json\/wp\/v2\/types\/product"}],"wp:featuredmedia":[{"embeddable":true,"href":"https:\/\/www.breesnewworld.nl\/de\/wp-json\/wp\/v2\/media\/10170"}],"wp:attachment":[{"href":"https:\/\/www.breesnewworld.nl\/de\/wp-json\/wp\/v2\/media?parent=10176"}],"wp:term":[{"taxonomy":"product_brand","embeddable":true,"href":"https:\/\/www.breesnewworld.nl\/de\/wp-json\/wp\/v2\/product_brand?post=10176"},{"taxonomy":"product_cat","embeddable":true,"href":"https:\/\/www.breesnewworld.nl\/de\/wp-json\/wp\/v2\/product_cat?post=10176"},{"taxonomy":"product_tag","embeddable":true,"href":"https:\/\/www.breesnewworld.nl\/de\/wp-json\/wp\/v2\/product_tag?post=10176"}],"curies":[{"name":"wp","href":"https:\/\/api.w.org\/{rel}","templated":true}]}}