{"id":10197,"date":"2022-04-01T10:01:19","date_gmt":"2022-04-01T08:01:19","guid":{"rendered":"https:\/\/www.breesnewworld.nl\/?post_type=product&#038;p=10197"},"modified":"2025-10-03T12:27:42","modified_gmt":"2025-10-03T10:27:42","slug":"spin-r-barhocker-hoch","status":"publish","type":"product","link":"https:\/\/www.breesnewworld.nl\/de\/collectie\/barkrukken\/spin-r-barkruk-hoog\/","title":{"rendered":"Spin R \u2013 Barhocker hoch"},"content":{"rendered":"","protected":false},"excerpt":{"rendered":"Barhocker Spin R oder der Rikki Barhocker mit Holzbeinen. Die Spinbox aus Eiche oder Nussbaum, auf der dieser Barhocker steht, ist die gleiche wie die des Esszimmerstuhls <a href=\"https:\/\/www.breesnewworld.nl\/de\/sammlung\/eetkamerstoelen\/spin-r\/\">Spin R<\/a>, was es sehr sch\u00f6n macht, diesen Barstuhl im selben Wohnzimmer zu kombinieren. Dank der zwei verschiedenen H\u00f6hen, in denen er erh\u00e4ltlich ist, kann der Spin R Barstuhl an einem Stehtisch, einer Kochinsel oder einer K\u00fcchenzeile verwendet werden.","protected":false},"featured_media":10175,"template":"","meta":{"_acf_changed":false},"product_brand":[],"product_cat":[79],"product_tag":[],"class_list":{"0":"post-10197","1":"product","2":"type-product","3":"status-publish","4":"has-post-thumbnail","6":"product_cat-barkrukken","8":"first","9":"instock","10":"taxable","11":"shipping-taxable","12":"product-type-simple"},"exclude_global_add_ons":[],"addons":[],"acf":[],"yoast_head":null,"yoast_head_json":null,"_links":{"self":[{"href":"https:\/\/www.breesnewworld.nl\/de\/wp-json\/wp\/v2\/product\/10197","targetHints":{"allow":["GET"]}}],"collection":[{"href":"https:\/\/www.breesnewworld.nl\/de\/wp-json\/wp\/v2\/product"}],"about":[{"href":"https:\/\/www.breesnewworld.nl\/de\/wp-json\/wp\/v2\/types\/product"}],"wp:featuredmedia":[{"embeddable":true,"href":"https:\/\/www.breesnewworld.nl\/de\/wp-json\/wp\/v2\/media\/10175"}],"wp:attachment":[{"href":"https:\/\/www.breesnewworld.nl\/de\/wp-json\/wp\/v2\/media?parent=10197"}],"wp:term":[{"taxonomy":"product_brand","embeddable":true,"href":"https:\/\/www.breesnewworld.nl\/de\/wp-json\/wp\/v2\/product_brand?post=10197"},{"taxonomy":"product_cat","embeddable":true,"href":"https:\/\/www.breesnewworld.nl\/de\/wp-json\/wp\/v2\/product_cat?post=10197"},{"taxonomy":"product_tag","embeddable":true,"href":"https:\/\/www.breesnewworld.nl\/de\/wp-json\/wp\/v2\/product_tag?post=10197"}],"curies":[{"name":"wp","href":"https:\/\/api.w.org\/{rel}","templated":true}]}}