{"id":10200,"date":"2022-04-01T10:35:38","date_gmt":"2022-04-01T08:35:38","guid":{"rendered":"https:\/\/www.breesnewworld.nl\/?post_type=product&#038;p=10200"},"modified":"2025-10-03T11:48:10","modified_gmt":"2025-10-03T09:48:10","slug":"ace-ii-g-barhocker-niedrig","status":"publish","type":"product","link":"https:\/\/www.breesnewworld.nl\/de\/sammlung\/barkrukken\/ace-ii-g-barhocker-niedrig\/","title":{"rendered":"Ace II-G Barhocker \u2013 mittelgro\u00df"},"content":{"rendered":"","protected":false},"excerpt":{"rendered":"Der Barhocker Ace II-G ist ein moderner Barhocker mit elegantem, dezentem Look. Das minimalistische Kufengestell verleiht dem Barhocker ein angenehmes, luftiges Gef\u00fchl und ist dennoch sehr stabil. Mit seinem schwarzen Gestell und der Sitzfl\u00e4che aus robustem, verwittertem Leder ist dieser Barhocker eine hervorragende Wahl, wenn Sie Ihrem Pub oder Wohnzimmer einen warmen, industriellen Look verleihen m\u00f6chten. Wie alle Barhocker von Bree&#039;s New World ist auch der Ace II-G in zwei H\u00f6hen erh\u00e4ltlich und bietet so vielf\u00e4ltige Einsatzm\u00f6glichkeiten. So kann dieser Barhocker beispielsweise in der K\u00fcche an einer Kochinsel, aber auch an einem Stehtisch oder einer Bar eingesetzt werden. Das Gestell ist in Edelstahl oder schwarzem Epoxid erh\u00e4ltlich. Neben diesem niedrigen Barhocker gibt es auch den <a href=\"https:\/\/www.breesnewworld.nl\/de\/sammlung\/barkrukken\/ace-ii-g-barhocker-hoch\/\">hohes Ass-II-G<\/a>\u00a0Barhocker, sowie der Esszimmerstuhl <a href=\"https:\/\/www.breesnewworld.nl\/de\/sammlung\/eetkamerstoelen\/ace-ii-g\/\">Ace II-G<\/a>Neben diesem niedrigen Barhocker gibt es auch den hohen Barhocker Ace-II-G sowie den Esszimmerstuhl Ace II-G.","protected":false},"featured_media":10173,"template":"","meta":{"_acf_changed":false},"product_brand":[],"product_cat":[79],"product_tag":[],"class_list":{"0":"post-10200","1":"product","2":"type-product","3":"status-publish","4":"has-post-thumbnail","6":"product_cat-barkrukken","8":"first","9":"instock","10":"taxable","11":"shipping-taxable","12":"product-type-simple"},"exclude_global_add_ons":[],"addons":[],"acf":[],"yoast_head":null,"yoast_head_json":null,"_links":{"self":[{"href":"https:\/\/www.breesnewworld.nl\/de\/wp-json\/wp\/v2\/product\/10200","targetHints":{"allow":["GET"]}}],"collection":[{"href":"https:\/\/www.breesnewworld.nl\/de\/wp-json\/wp\/v2\/product"}],"about":[{"href":"https:\/\/www.breesnewworld.nl\/de\/wp-json\/wp\/v2\/types\/product"}],"wp:featuredmedia":[{"embeddable":true,"href":"https:\/\/www.breesnewworld.nl\/de\/wp-json\/wp\/v2\/media\/10173"}],"wp:attachment":[{"href":"https:\/\/www.breesnewworld.nl\/de\/wp-json\/wp\/v2\/media?parent=10200"}],"wp:term":[{"taxonomy":"product_brand","embeddable":true,"href":"https:\/\/www.breesnewworld.nl\/de\/wp-json\/wp\/v2\/product_brand?post=10200"},{"taxonomy":"product_cat","embeddable":true,"href":"https:\/\/www.breesnewworld.nl\/de\/wp-json\/wp\/v2\/product_cat?post=10200"},{"taxonomy":"product_tag","embeddable":true,"href":"https:\/\/www.breesnewworld.nl\/de\/wp-json\/wp\/v2\/product_tag?post=10200"}],"curies":[{"name":"wp","href":"https:\/\/api.w.org\/{rel}","templated":true}]}}