{"id":10230,"date":"2022-04-14T11:31:23","date_gmt":"2022-04-14T09:31:23","guid":{"rendered":"https:\/\/www.breesnewworld.nl\/?post_type=product&#038;p=10230"},"modified":"2025-10-10T10:01:28","modified_gmt":"2025-10-10T08:01:28","slug":"freya-esstisch-danisch-oval","status":"publish","type":"product","link":"https:\/\/www.breesnewworld.nl\/de\/sammlung\/eettafels\/freya-esstisch-danisch-oval\/","title":{"rendered":"Freya \u2013 D\u00e4nischer ovaler Esstisch"},"content":{"rendered":"","protected":false},"excerpt":{"rendered":"Der ovale d\u00e4nische Esstisch Freya ist ein schlanker Designtisch f\u00fcr das moderne Esszimmer. Die d\u00e4nische ovale Tischplatte hat schicke abgerundete Seiten, die in Kombination mit dem hellen, schwarzen Metallfu\u00df Ihrem Esszimmer ein ger\u00e4umiges Aussehen verleihen. Apropos Platz, die Tischplatte Freya ist in vielen Materialien bis zu einer L\u00e4nge von 297 cm erh\u00e4ltlich, wodurch sich dieser Esstisch sehr gut f\u00fcr gro\u00dfe R\u00e4ume eignet. Wenn also der Essbereich in Ihrem Wohnzimmer etwas F\u00fcllung gebrauchen k\u00f6nnte, schwebt die Freya gl\u00fccklich darin. Neben dem Esszimmer l\u00e4sst sich die Freya auch innerhalb der Projektgestaltung gut einsetzen. Wenn Ihr Besprechungsraum oder Konferenzraum also einen eleganten Designtisch mit St\u00fchlen gebrauchen k\u00f6nnte, sehen Sie sich die M\u00f6glichkeiten des Freya an. Ein sch\u00f6ner Konferenzstuhl zum Mitmachen ist unter anderem der drehbare Esszimmerstuhl <a href=\"https:\/\/www.breesnewworld.nl\/de\/sammlung\/eetkamerstoelen\/kiq-arm\/\">Kiq<\/a> mit Armlehne.","protected":false},"featured_media":10391,"template":"","meta":{"_acf_changed":false},"product_brand":[],"product_cat":[73],"product_tag":[],"class_list":{"0":"post-10230","1":"product","2":"type-product","3":"status-publish","4":"has-post-thumbnail","6":"product_cat-eettafels","8":"first","9":"instock","10":"taxable","11":"shipping-taxable","12":"product-type-simple"},"exclude_global_add_ons":[],"addons":[],"acf":[],"yoast_head":null,"yoast_head_json":null,"_links":{"self":[{"href":"https:\/\/www.breesnewworld.nl\/de\/wp-json\/wp\/v2\/product\/10230","targetHints":{"allow":["GET"]}}],"collection":[{"href":"https:\/\/www.breesnewworld.nl\/de\/wp-json\/wp\/v2\/product"}],"about":[{"href":"https:\/\/www.breesnewworld.nl\/de\/wp-json\/wp\/v2\/types\/product"}],"wp:featuredmedia":[{"embeddable":true,"href":"https:\/\/www.breesnewworld.nl\/de\/wp-json\/wp\/v2\/media\/10391"}],"wp:attachment":[{"href":"https:\/\/www.breesnewworld.nl\/de\/wp-json\/wp\/v2\/media?parent=10230"}],"wp:term":[{"taxonomy":"product_brand","embeddable":true,"href":"https:\/\/www.breesnewworld.nl\/de\/wp-json\/wp\/v2\/product_brand?post=10230"},{"taxonomy":"product_cat","embeddable":true,"href":"https:\/\/www.breesnewworld.nl\/de\/wp-json\/wp\/v2\/product_cat?post=10230"},{"taxonomy":"product_tag","embeddable":true,"href":"https:\/\/www.breesnewworld.nl\/de\/wp-json\/wp\/v2\/product_tag?post=10230"}],"curies":[{"name":"wp","href":"https:\/\/api.w.org\/{rel}","templated":true}]}}