{"id":10234,"date":"2022-04-14T16:24:28","date_gmt":"2022-04-14T14:24:28","guid":{"rendered":"https:\/\/www.breesnewworld.nl\/?post_type=product&#038;p=10234"},"modified":"2025-10-10T11:00:48","modified_gmt":"2025-10-10T09:00:48","slug":"steelyxl-esstisch-bio","status":"publish","type":"product","link":"https:\/\/www.breesnewworld.nl\/de\/sammlung\/eettafels\/steelyxl-esstisch-bio\/","title":{"rendered":"Steely XL \u2013 Esstisch organisch"},"content":{"rendered":"","protected":false},"excerpt":{"rendered":"Unser beliebter Bio-Esstisch <a href=\"https:\/\/www.breesnewworld.nl\/de\/sammlung\/eettafels\/stahlerner-eiformiger-esstisch\/\">Steely<\/a> ist seit vielen Jahren einer der Trendsetter in unserer Kollektion von Esszimmertischen. Wir wurden aber auch regelm\u00e4\u00dfig gefragt, ob der Steely Esstisch auch in einer etwas gr\u00f6\u00dferen Variante geliefert werden k\u00f6nnte. So entstand der Steely XL, bzw. der Steely mit gr\u00f6\u00dferer Bodenplatte und gr\u00f6\u00dferer Tischplatte. Das eif\u00f6rmige Blatt hat genau die gleiche Form wie das normale Steely, ist aber mit Ma\u00dfen von 168,5 x 150 cm deutlich gr\u00f6\u00dfer, sodass man bequem mit 7 Personen essen kann. Neben der Eiform ist der Steely XL auch als runder Esstisch mit runden Platten von 150 und 155 cm erh\u00e4ltlich.","protected":false},"featured_media":10220,"template":"","meta":{"_acf_changed":false},"product_brand":[],"product_cat":[73],"product_tag":[],"class_list":{"0":"post-10234","1":"product","2":"type-product","3":"status-publish","4":"has-post-thumbnail","6":"product_cat-eettafels","8":"first","9":"instock","10":"taxable","11":"shipping-taxable","12":"product-type-simple"},"exclude_global_add_ons":[],"addons":[],"acf":[],"yoast_head":null,"yoast_head_json":null,"_links":{"self":[{"href":"https:\/\/www.breesnewworld.nl\/de\/wp-json\/wp\/v2\/product\/10234","targetHints":{"allow":["GET"]}}],"collection":[{"href":"https:\/\/www.breesnewworld.nl\/de\/wp-json\/wp\/v2\/product"}],"about":[{"href":"https:\/\/www.breesnewworld.nl\/de\/wp-json\/wp\/v2\/types\/product"}],"wp:featuredmedia":[{"embeddable":true,"href":"https:\/\/www.breesnewworld.nl\/de\/wp-json\/wp\/v2\/media\/10220"}],"wp:attachment":[{"href":"https:\/\/www.breesnewworld.nl\/de\/wp-json\/wp\/v2\/media?parent=10234"}],"wp:term":[{"taxonomy":"product_brand","embeddable":true,"href":"https:\/\/www.breesnewworld.nl\/de\/wp-json\/wp\/v2\/product_brand?post=10234"},{"taxonomy":"product_cat","embeddable":true,"href":"https:\/\/www.breesnewworld.nl\/de\/wp-json\/wp\/v2\/product_cat?post=10234"},{"taxonomy":"product_tag","embeddable":true,"href":"https:\/\/www.breesnewworld.nl\/de\/wp-json\/wp\/v2\/product_tag?post=10234"}],"curies":[{"name":"wp","href":"https:\/\/api.w.org\/{rel}","templated":true}]}}