{"id":10463,"date":"2022-11-05T20:26:03","date_gmt":"2022-11-05T19:26:03","guid":{"rendered":"https:\/\/www.breesnewworld.nl\/?post_type=product&#038;p=10463"},"modified":"2025-10-03T13:40:05","modified_gmt":"2025-10-03T11:40:05","slug":"sessel-jake","status":"publish","type":"product","link":"https:\/\/www.breesnewworld.nl\/de\/collectie\/fauteuils\/fauteuil-jake\/","title":{"rendered":"Sessel Jake"},"content":{"rendered":"","protected":false},"excerpt":{"rendered":"Der neue Drehsessel Jake. Ein ger\u00e4umiger Drehsessel in modernem Design, der sich durch seine kraftvollen Formen auszeichnet. Um den Sitzkomfort und das entspannende Gef\u00fchl zu vervollst\u00e4ndigen, ist zu diesem Drehsessel auch ein Ottomane erh\u00e4ltlich.","protected":false},"featured_media":10465,"template":"","meta":{"_acf_changed":false},"product_brand":[],"product_cat":[71],"product_tag":[],"class_list":{"0":"post-10463","1":"product","2":"type-product","3":"status-publish","4":"has-post-thumbnail","6":"product_cat-fauteuils","8":"first","9":"instock","10":"taxable","11":"shipping-taxable","12":"product-type-simple"},"exclude_global_add_ons":[],"addons":[],"acf":[],"yoast_head":null,"yoast_head_json":null,"_links":{"self":[{"href":"https:\/\/www.breesnewworld.nl\/de\/wp-json\/wp\/v2\/product\/10463","targetHints":{"allow":["GET"]}}],"collection":[{"href":"https:\/\/www.breesnewworld.nl\/de\/wp-json\/wp\/v2\/product"}],"about":[{"href":"https:\/\/www.breesnewworld.nl\/de\/wp-json\/wp\/v2\/types\/product"}],"wp:featuredmedia":[{"embeddable":true,"href":"https:\/\/www.breesnewworld.nl\/de\/wp-json\/wp\/v2\/media\/10465"}],"wp:attachment":[{"href":"https:\/\/www.breesnewworld.nl\/de\/wp-json\/wp\/v2\/media?parent=10463"}],"wp:term":[{"taxonomy":"product_brand","embeddable":true,"href":"https:\/\/www.breesnewworld.nl\/de\/wp-json\/wp\/v2\/product_brand?post=10463"},{"taxonomy":"product_cat","embeddable":true,"href":"https:\/\/www.breesnewworld.nl\/de\/wp-json\/wp\/v2\/product_cat?post=10463"},{"taxonomy":"product_tag","embeddable":true,"href":"https:\/\/www.breesnewworld.nl\/de\/wp-json\/wp\/v2\/product_tag?post=10463"}],"curies":[{"name":"wp","href":"https:\/\/api.w.org\/{rel}","templated":true}]}}