{"id":10488,"date":"2023-03-09T14:19:11","date_gmt":"2023-03-09T13:19:11","guid":{"rendered":"https:\/\/www.breesnewworld.nl\/?post_type=product&#038;p=10488"},"modified":"2025-10-10T12:00:53","modified_gmt":"2025-10-10T10:00:53","slug":"couchtisch-choq-top-high","status":"publish","type":"product","link":"https:\/\/www.breesnewworld.nl\/de\/sammlung\/salontafels-en-bijzettafels\/couchtisch-choq-top-high\/","title":{"rendered":"Choq-Top-Couchtische"},"content":{"rendered":"","protected":false},"excerpt":{"rendered":"Die Choq Top Couchtische eignen sich mit ihrer abgerundeten, quadratischen Tischplatte nicht nur als Zweierset, sondern auch hervorragend als Ecktisch neben der Couch. Der Choq Top High ist 46 cm hoch, der Choq Top Low 42 cm. So lassen sich diese h\u00fcbschen Couchtische, genau wie die Twinny&#039;s und Cloudy&#039;s, dezent \u00fcbereinander schieben, wenn auch etwas k\u00fcrzer. Der Choq Top Low l\u00e4sst sich auch gut mit dem gr\u00f6\u00dferen, rechteckigen Choq Couchtisch kombinieren. ChoQ ist die neueste Couchtischkollektion von Bree&#039;s New World. Die Symmetrie und die Rundungen in Kombination mit dem d\u00fcnnen Stahlblech sorgen f\u00fcr ein klares und ruhiges Bild. Die Couchtische des ChoQ-Programms bestehen aus einteiligen Blechteilen und sind mit superellipsenf\u00f6rmigen Tischplatten aus Massivholz, Ceramistone oder HPL versehen. Die Untergestelle sind in verschiedenen Farben erh\u00e4ltlich, was viele Variationen erm\u00f6glicht. So k\u00f6nnen Sie die ChoQ Couchtische ganz einfach an Ihren Geschmack und Ihre Einrichtung anpassen.","protected":false},"featured_media":10670,"template":"","meta":{"_acf_changed":false},"product_brand":[],"product_cat":[77,105],"product_tag":[],"class_list":{"0":"post-10488","1":"product","2":"type-product","3":"status-publish","4":"has-post-thumbnail","6":"product_cat-salontafels-en-bijzettafels","7":"product_cat-tafel-bij-bank","9":"first","10":"instock","11":"taxable","12":"shipping-taxable","13":"product-type-simple"},"exclude_global_add_ons":[],"addons":[],"acf":[],"yoast_head":null,"yoast_head_json":null,"_links":{"self":[{"href":"https:\/\/www.breesnewworld.nl\/de\/wp-json\/wp\/v2\/product\/10488","targetHints":{"allow":["GET"]}}],"collection":[{"href":"https:\/\/www.breesnewworld.nl\/de\/wp-json\/wp\/v2\/product"}],"about":[{"href":"https:\/\/www.breesnewworld.nl\/de\/wp-json\/wp\/v2\/types\/product"}],"wp:featuredmedia":[{"embeddable":true,"href":"https:\/\/www.breesnewworld.nl\/de\/wp-json\/wp\/v2\/media\/10670"}],"wp:attachment":[{"href":"https:\/\/www.breesnewworld.nl\/de\/wp-json\/wp\/v2\/media?parent=10488"}],"wp:term":[{"taxonomy":"product_brand","embeddable":true,"href":"https:\/\/www.breesnewworld.nl\/de\/wp-json\/wp\/v2\/product_brand?post=10488"},{"taxonomy":"product_cat","embeddable":true,"href":"https:\/\/www.breesnewworld.nl\/de\/wp-json\/wp\/v2\/product_cat?post=10488"},{"taxonomy":"product_tag","embeddable":true,"href":"https:\/\/www.breesnewworld.nl\/de\/wp-json\/wp\/v2\/product_tag?post=10488"}],"curies":[{"name":"wp","href":"https:\/\/api.w.org\/{rel}","templated":true}]}}