{"id":10490,"date":"2023-03-09T14:23:17","date_gmt":"2023-03-09T13:23:17","guid":{"rendered":"https:\/\/www.breesnewworld.nl\/?post_type=product&#038;p=10490"},"modified":"2025-10-10T11:44:17","modified_gmt":"2025-10-10T09:44:17","slug":"couchtisch-choq-top-schicht","status":"publish","type":"product","link":"https:\/\/www.breesnewworld.nl\/de\/sammlung\/salontafels-en-bijzettafels\/couchtisch-choq-top-schicht\/","title":{"rendered":"Choq Couchtisch"},"content":{"rendered":"","protected":false},"excerpt":{"rendered":"Der Choq Couchtisch ist das gr\u00f6\u00dfte Mitglied der Choq Couch- und Beistelltischfamilie. Die l\u00e4ngliche Tischplatte (120 x 70 cm) ruht auf einem sehr stabilen Metallgestell, das \u00fcber eine praktische Ablage f\u00fcr Zeitschriften, die Fernbedienung oder andere Gegenst\u00e4nde verf\u00fcgt. ChoQ ist die neueste Couchtischkollektion von Bree&#039;s New World. Die Symmetrie und die abgerundeten Kanten sorgen in Kombination mit dem d\u00fcnnen Blech f\u00fcr eine klare und ruhige Optik. Die Couchtische des ChoQ-Programms bestehen aus gepressten Blechkomponenten und haben \u201esuperelliptische\u201c Tischplatten aus Massivholz, Ceramistone oder HPL. Die Gestelle sind au\u00dferdem in verschiedenen Farben erh\u00e4ltlich und bieten somit eine gro\u00dfe Auswahl. So k\u00f6nnen Sie als Kunde die ChoQ Couchtische ganz einfach an Ihren eigenen Geschmack und Ihre Einrichtung anpassen.","protected":false},"featured_media":10654,"template":"","meta":{"_acf_changed":false},"product_brand":[],"product_cat":[77,105],"product_tag":[],"class_list":{"0":"post-10490","1":"product","2":"type-product","3":"status-publish","4":"has-post-thumbnail","6":"product_cat-salontafels-en-bijzettafels","7":"product_cat-tafel-bij-bank","9":"first","10":"instock","11":"taxable","12":"shipping-taxable","13":"product-type-simple"},"exclude_global_add_ons":[],"addons":[],"acf":[],"yoast_head":null,"yoast_head_json":null,"_links":{"self":[{"href":"https:\/\/www.breesnewworld.nl\/de\/wp-json\/wp\/v2\/product\/10490","targetHints":{"allow":["GET"]}}],"collection":[{"href":"https:\/\/www.breesnewworld.nl\/de\/wp-json\/wp\/v2\/product"}],"about":[{"href":"https:\/\/www.breesnewworld.nl\/de\/wp-json\/wp\/v2\/types\/product"}],"wp:featuredmedia":[{"embeddable":true,"href":"https:\/\/www.breesnewworld.nl\/de\/wp-json\/wp\/v2\/media\/10654"}],"wp:attachment":[{"href":"https:\/\/www.breesnewworld.nl\/de\/wp-json\/wp\/v2\/media?parent=10490"}],"wp:term":[{"taxonomy":"product_brand","embeddable":true,"href":"https:\/\/www.breesnewworld.nl\/de\/wp-json\/wp\/v2\/product_brand?post=10490"},{"taxonomy":"product_cat","embeddable":true,"href":"https:\/\/www.breesnewworld.nl\/de\/wp-json\/wp\/v2\/product_cat?post=10490"},{"taxonomy":"product_tag","embeddable":true,"href":"https:\/\/www.breesnewworld.nl\/de\/wp-json\/wp\/v2\/product_tag?post=10490"}],"curies":[{"name":"wp","href":"https:\/\/api.w.org\/{rel}","templated":true}]}}