{"id":10491,"date":"2023-03-09T14:23:41","date_gmt":"2023-03-09T13:23:41","guid":{"rendered":"https:\/\/www.breesnewworld.nl\/?post_type=product&#038;p=10491"},"modified":"2025-10-10T12:07:42","modified_gmt":"2025-10-10T10:07:42","slug":"sofatisch-choq","status":"publish","type":"product","link":"https:\/\/www.breesnewworld.nl\/de\/sammlung\/salontafels-en-bijzettafels\/sofatisch-choq\/","title":{"rendered":"Choq-Sofatisch"},"content":{"rendered":"","protected":false},"excerpt":{"rendered":"Mit dem praktischen Couchtisch Choq m\u00fcssen Sie beim Fernsehschauen nicht mehr von der Couch aufstehen. Dieser sehr stabile, moderne Couchtisch verleiht Ihrem Sitzbereich neben seiner praktischen Funktion auch ein abgerundetes Aussehen. Der ChoQ ist die neueste Couchtischkollektion von Bree&#039;s New World. Die Symmetrie und die abgerundeten Kanten sorgen in Kombination mit dem d\u00fcnnen Stahlblech f\u00fcr eine klare und ruhige Optik. Dieser Couchtisch aus dem ChoQ-Programm besteht aus gepressten Blechkomponenten und ist mit superelliptischen Tischplatten aus Massivholz, Ceramistone oder HPL versehen. Die Untergestelle sind in verschiedenen Farben erh\u00e4ltlich und erm\u00f6glichen so zahlreiche Variationen. So k\u00f6nnen Sie als Kunde... <a href=\"https:\/\/www.breesnewworld.nl\/de\/sammlung\/salontafels-en-bijzettafels\/salontafel-choq-top-laag\/\">ChoQ Couchtische<\/a> leicht an Ihren eigenen Geschmack und Ihr Interieur anpassen.","protected":false},"featured_media":10516,"template":"","meta":{"_acf_changed":false},"product_brand":[],"product_cat":[77,105],"product_tag":[],"class_list":{"0":"post-10491","1":"product","2":"type-product","3":"status-publish","4":"has-post-thumbnail","6":"product_cat-salontafels-en-bijzettafels","7":"product_cat-tafel-bij-bank","9":"first","10":"instock","11":"taxable","12":"shipping-taxable","13":"product-type-simple"},"exclude_global_add_ons":[],"addons":[],"acf":[],"yoast_head":null,"yoast_head_json":null,"_links":{"self":[{"href":"https:\/\/www.breesnewworld.nl\/de\/wp-json\/wp\/v2\/product\/10491","targetHints":{"allow":["GET"]}}],"collection":[{"href":"https:\/\/www.breesnewworld.nl\/de\/wp-json\/wp\/v2\/product"}],"about":[{"href":"https:\/\/www.breesnewworld.nl\/de\/wp-json\/wp\/v2\/types\/product"}],"wp:featuredmedia":[{"embeddable":true,"href":"https:\/\/www.breesnewworld.nl\/de\/wp-json\/wp\/v2\/media\/10516"}],"wp:attachment":[{"href":"https:\/\/www.breesnewworld.nl\/de\/wp-json\/wp\/v2\/media?parent=10491"}],"wp:term":[{"taxonomy":"product_brand","embeddable":true,"href":"https:\/\/www.breesnewworld.nl\/de\/wp-json\/wp\/v2\/product_brand?post=10491"},{"taxonomy":"product_cat","embeddable":true,"href":"https:\/\/www.breesnewworld.nl\/de\/wp-json\/wp\/v2\/product_cat?post=10491"},{"taxonomy":"product_tag","embeddable":true,"href":"https:\/\/www.breesnewworld.nl\/de\/wp-json\/wp\/v2\/product_tag?post=10491"}],"curies":[{"name":"wp","href":"https:\/\/api.w.org\/{rel}","templated":true}]}}