{"id":10564,"date":"2023-08-18T16:14:52","date_gmt":"2023-08-18T14:14:52","guid":{"rendered":"https:\/\/www.breesnewworld.nl\/?post_type=product&#038;p=10564"},"modified":"2025-10-10T10:19:10","modified_gmt":"2025-10-10T08:19:10","slug":"esstisch-waage-danisch-oval","status":"publish","type":"product","link":"https:\/\/www.breesnewworld.nl\/de\/sammlung\/eettafels\/esstisch-waage-danisch-oval\/","title":{"rendered":"Libra \u2013 D\u00e4nischer ovaler Esstisch"},"content":{"rendered":"","protected":false},"excerpt":{"rendered":"Unser Libra-Tisch ist seit Jahren ein fester Bestandteil unserer Kollektion. Der einzigartige Charakter des Tisches liegt vor allem unter der Tischplatte: Der Tisch ruht auf nur einem schr\u00e4gen Bein. Trotzdem beh\u00e4lt der Tisch auch bei gro\u00dfen Tischl\u00e4ngen seine Stabilit\u00e4t. Im Zuge der Erweiterung unserer Tischkollektion ist eine neue Version des Libra entstanden. Der Tisch ist jetzt auch mit einer konischen, d\u00e4nisch-ovalen Tischplatte erh\u00e4ltlich. Die d\u00e4nisch-ovale Form ist ein beliebter Kompromiss zwischen einer ovalen und einer rechteckigen Tischplatte.","protected":false},"featured_media":10568,"template":"","meta":{"_acf_changed":false},"product_brand":[],"product_cat":[73],"product_tag":[],"class_list":{"0":"post-10564","1":"product","2":"type-product","3":"status-publish","4":"has-post-thumbnail","6":"product_cat-eettafels","8":"first","9":"instock","10":"taxable","11":"shipping-taxable","12":"product-type-simple"},"exclude_global_add_ons":[],"addons":[],"acf":[],"yoast_head":null,"yoast_head_json":null,"_links":{"self":[{"href":"https:\/\/www.breesnewworld.nl\/de\/wp-json\/wp\/v2\/product\/10564","targetHints":{"allow":["GET"]}}],"collection":[{"href":"https:\/\/www.breesnewworld.nl\/de\/wp-json\/wp\/v2\/product"}],"about":[{"href":"https:\/\/www.breesnewworld.nl\/de\/wp-json\/wp\/v2\/types\/product"}],"wp:featuredmedia":[{"embeddable":true,"href":"https:\/\/www.breesnewworld.nl\/de\/wp-json\/wp\/v2\/media\/10568"}],"wp:attachment":[{"href":"https:\/\/www.breesnewworld.nl\/de\/wp-json\/wp\/v2\/media?parent=10564"}],"wp:term":[{"taxonomy":"product_brand","embeddable":true,"href":"https:\/\/www.breesnewworld.nl\/de\/wp-json\/wp\/v2\/product_brand?post=10564"},{"taxonomy":"product_cat","embeddable":true,"href":"https:\/\/www.breesnewworld.nl\/de\/wp-json\/wp\/v2\/product_cat?post=10564"},{"taxonomy":"product_tag","embeddable":true,"href":"https:\/\/www.breesnewworld.nl\/de\/wp-json\/wp\/v2\/product_tag?post=10564"}],"curies":[{"name":"wp","href":"https:\/\/api.w.org\/{rel}","templated":true}]}}