{"id":10569,"date":"2023-08-18T16:18:05","date_gmt":"2023-08-18T14:18:05","guid":{"rendered":"https:\/\/www.breesnewworld.nl\/?post_type=product&#038;p=10569"},"modified":"2025-11-05T11:44:31","modified_gmt":"2025-11-05T10:44:31","slug":"esstisch-oscar","status":"publish","type":"product","link":"https:\/\/www.breesnewworld.nl\/de\/sammlung\/eettafels\/esstisch-oscar\/","title":{"rendered":"Oscar \u2013 Esstisch (oval)"},"content":{"rendered":"","protected":false},"excerpt":{"rendered":"Der Oscar-Tisch ist das, was Sie als \u201eeinen alten Bekannten\u201c bezeichnen. Dieses von Jan Neggers entworfene Modell hat sich in der Vergangenheit bew\u00e4hrt und hat es sogar in einen \u201eTalkshow-Tisch\u201c geschafft. Die Originalversion ist wie hier abgebildet: mit ovaler Tischplatte. Bei diesem Neuzugang wurde anstelle des Holzsockels, auf dem der Tisch fr\u00fcher ruhte, ein Metallsockel gew\u00e4hlt. Das Metall kann, wie auch unsere anderen Gestelle, in den Farben Eloxalbraun, Anthrazit, Beige und Schwarz eingef\u00e4rbt werden. Auch bei den Tischplatten gibt es eine gro\u00dfe Auswahl. Wer auf der Suche nach einem Tisch ist, der alle Blicke auf sich zieht, der sollte sich den Oscar-Tisch ansehen.","protected":false},"featured_media":11082,"template":"","meta":{"_acf_changed":false},"product_brand":[],"product_cat":[73],"product_tag":[],"class_list":{"0":"post-10569","1":"product","2":"type-product","3":"status-publish","4":"has-post-thumbnail","6":"product_cat-eettafels","8":"first","9":"instock","10":"taxable","11":"shipping-taxable","12":"product-type-simple"},"exclude_global_add_ons":[],"addons":[],"acf":[],"yoast_head":null,"yoast_head_json":null,"_links":{"self":[{"href":"https:\/\/www.breesnewworld.nl\/de\/wp-json\/wp\/v2\/product\/10569","targetHints":{"allow":["GET"]}}],"collection":[{"href":"https:\/\/www.breesnewworld.nl\/de\/wp-json\/wp\/v2\/product"}],"about":[{"href":"https:\/\/www.breesnewworld.nl\/de\/wp-json\/wp\/v2\/types\/product"}],"wp:featuredmedia":[{"embeddable":true,"href":"https:\/\/www.breesnewworld.nl\/de\/wp-json\/wp\/v2\/media\/11082"}],"wp:attachment":[{"href":"https:\/\/www.breesnewworld.nl\/de\/wp-json\/wp\/v2\/media?parent=10569"}],"wp:term":[{"taxonomy":"product_brand","embeddable":true,"href":"https:\/\/www.breesnewworld.nl\/de\/wp-json\/wp\/v2\/product_brand?post=10569"},{"taxonomy":"product_cat","embeddable":true,"href":"https:\/\/www.breesnewworld.nl\/de\/wp-json\/wp\/v2\/product_cat?post=10569"},{"taxonomy":"product_tag","embeddable":true,"href":"https:\/\/www.breesnewworld.nl\/de\/wp-json\/wp\/v2\/product_tag?post=10569"}],"curies":[{"name":"wp","href":"https:\/\/api.w.org\/{rel}","templated":true}]}}