{"id":10573,"date":"2023-08-18T16:20:25","date_gmt":"2023-08-18T14:20:25","guid":{"rendered":"https:\/\/www.breesnewworld.nl\/?post_type=product&#038;p=10573"},"modified":"2025-10-10T11:28:46","modified_gmt":"2025-10-10T09:28:46","slug":"esstisch-thor","status":"publish","type":"product","link":"https:\/\/www.breesnewworld.nl\/de\/sammlung\/eettafels\/esstisch-thor\/","title":{"rendered":"Thor \u2013 rechteckiger Esstisch"},"content":{"rendered":"","protected":false},"excerpt":{"rendered":"Der Thor Esstisch mit rechteckiger Platte ist eine Neuheit in der Kollektion. Der Tisch mit Mittelbein \u2013 und damit viel Platz \u2013 wurde urspr\u00fcnglich im d\u00e4nischen Ovalstil entworfen. Doch rechteckige Tische kommen nie aus der Mode. F\u00fcr diejenigen, die es etwas \u201eeinfacher\u201c m\u00f6gen, kann er eine gute Option sein.","protected":false},"featured_media":10575,"template":"","meta":{"_acf_changed":false},"product_brand":[],"product_cat":[73],"product_tag":[],"class_list":{"0":"post-10573","1":"product","2":"type-product","3":"status-publish","4":"has-post-thumbnail","6":"product_cat-eettafels","8":"first","9":"instock","10":"taxable","11":"shipping-taxable","12":"product-type-simple"},"exclude_global_add_ons":[],"addons":[],"acf":[],"yoast_head":null,"yoast_head_json":null,"_links":{"self":[{"href":"https:\/\/www.breesnewworld.nl\/de\/wp-json\/wp\/v2\/product\/10573","targetHints":{"allow":["GET"]}}],"collection":[{"href":"https:\/\/www.breesnewworld.nl\/de\/wp-json\/wp\/v2\/product"}],"about":[{"href":"https:\/\/www.breesnewworld.nl\/de\/wp-json\/wp\/v2\/types\/product"}],"wp:featuredmedia":[{"embeddable":true,"href":"https:\/\/www.breesnewworld.nl\/de\/wp-json\/wp\/v2\/media\/10575"}],"wp:attachment":[{"href":"https:\/\/www.breesnewworld.nl\/de\/wp-json\/wp\/v2\/media?parent=10573"}],"wp:term":[{"taxonomy":"product_brand","embeddable":true,"href":"https:\/\/www.breesnewworld.nl\/de\/wp-json\/wp\/v2\/product_brand?post=10573"},{"taxonomy":"product_cat","embeddable":true,"href":"https:\/\/www.breesnewworld.nl\/de\/wp-json\/wp\/v2\/product_cat?post=10573"},{"taxonomy":"product_tag","embeddable":true,"href":"https:\/\/www.breesnewworld.nl\/de\/wp-json\/wp\/v2\/product_tag?post=10573"}],"curies":[{"name":"wp","href":"https:\/\/api.w.org\/{rel}","templated":true}]}}