{"id":10577,"date":"2023-09-04T09:53:41","date_gmt":"2023-09-04T07:53:41","guid":{"rendered":"https:\/\/www.breesnewworld.nl\/?post_type=product&#038;p=10577"},"modified":"2025-11-22T15:04:49","modified_gmt":"2025-11-22T14:04:49","slug":"butterfly-23-fusse","status":"publish","type":"product","link":"https:\/\/www.breesnewworld.nl\/de\/sammlung\/eetkamerstoelen\/butterfly-23-fusse\/","title":{"rendered":"Esszimmerstuhl Butterfly 24 \u2013 Bein"},"content":{"rendered":"","protected":false},"excerpt":{"rendered":"Der Butterfly 24 ist ein luxuri\u00f6ser, drehbarer Esszimmersessel mit einer bequemen, breiten Sitzfl\u00e4che, der sowohl ohne als auch ohne Sitzfl\u00e4che verwendet werden kann. <a href=\"https:\/\/www.breesnewworld.nl\/de\/sammlung\/eetkamerstoelen\/butterfly-arm-23\/\">mit Armlehne<\/a> Der Butterfly 24 wirkt dank seiner abgerundeten Konturen an einem runden oder ovalen Esstisch besonders elegant. Neben der Version mit Drehfu\u00df ist dieser Esszimmerstuhl auch mit festen Beinen erh\u00e4ltlich. Der Butterfly 24 ist eine Weiterentwicklung des Standard-Esszimmerstuhls Butterfly aus dem Jahr 2024 und unterscheidet sich lediglich durch sein Fu\u00dfgestell.","protected":false},"featured_media":10534,"template":"","meta":{"_acf_changed":false},"product_brand":[],"product_cat":[64],"product_tag":[],"class_list":{"0":"post-10577","1":"product","2":"type-product","3":"status-publish","4":"has-post-thumbnail","6":"product_cat-eetkamerstoelen","8":"first","9":"instock","10":"taxable","11":"shipping-taxable","12":"product-type-simple"},"exclude_global_add_ons":[],"addons":[],"acf":[],"yoast_head":null,"yoast_head_json":null,"_links":{"self":[{"href":"https:\/\/www.breesnewworld.nl\/de\/wp-json\/wp\/v2\/product\/10577","targetHints":{"allow":["GET"]}}],"collection":[{"href":"https:\/\/www.breesnewworld.nl\/de\/wp-json\/wp\/v2\/product"}],"about":[{"href":"https:\/\/www.breesnewworld.nl\/de\/wp-json\/wp\/v2\/types\/product"}],"wp:featuredmedia":[{"embeddable":true,"href":"https:\/\/www.breesnewworld.nl\/de\/wp-json\/wp\/v2\/media\/10534"}],"wp:attachment":[{"href":"https:\/\/www.breesnewworld.nl\/de\/wp-json\/wp\/v2\/media?parent=10577"}],"wp:term":[{"taxonomy":"product_brand","embeddable":true,"href":"https:\/\/www.breesnewworld.nl\/de\/wp-json\/wp\/v2\/product_brand?post=10577"},{"taxonomy":"product_cat","embeddable":true,"href":"https:\/\/www.breesnewworld.nl\/de\/wp-json\/wp\/v2\/product_cat?post=10577"},{"taxonomy":"product_tag","embeddable":true,"href":"https:\/\/www.breesnewworld.nl\/de\/wp-json\/wp\/v2\/product_tag?post=10577"}],"curies":[{"name":"wp","href":"https:\/\/api.w.org\/{rel}","templated":true}]}}