{"id":10597,"date":"2023-09-07T08:52:27","date_gmt":"2023-09-07T06:52:27","guid":{"rendered":"https:\/\/www.breesnewworld.nl\/?post_type=product&#038;p=10597"},"modified":"2025-10-10T09:58:23","modified_gmt":"2025-10-10T07:58:23","slug":"esstisch-im-wald","status":"publish","type":"product","link":"https:\/\/www.breesnewworld.nl\/de\/sammlung\/eettafels\/esstisch-im-wald\/","title":{"rendered":"Esstisch im Wald"},"content":{"rendered":"","protected":false},"excerpt":{"rendered":"Der Name \u201eWald\u201c weckt sofort Bilder von ruhiger, nat\u00fcrlicher Sch\u00f6nheit und dieser Tisch h\u00e4lt, was er verspricht. Dieser Esstisch kann mit einer Keramikplatte ausgestattet werden, die auf stabilen St\u00fctzen aus massiver Eiche (lackiert) ruht. Dank des intelligenten Erweiterungsmechanismus k\u00f6nnen Sie ganz einfach zus\u00e4tzlichen Platz f\u00fcr G\u00e4ste und Abendessen mit Freunden und Familie schaffen. Die zus\u00e4tzliche L\u00e4nge, die Sie mit dem ausziehbaren Teil schaffen k\u00f6nnen, betr\u00e4gt 70 cm.","protected":false},"featured_media":10593,"template":"","meta":{"_acf_changed":false},"product_brand":[],"product_cat":[73],"product_tag":[],"class_list":{"0":"post-10597","1":"product","2":"type-product","3":"status-publish","4":"has-post-thumbnail","6":"product_cat-eettafels","8":"first","9":"instock","10":"taxable","11":"shipping-taxable","12":"product-type-simple"},"exclude_global_add_ons":[],"addons":[],"acf":[],"yoast_head":null,"yoast_head_json":null,"_links":{"self":[{"href":"https:\/\/www.breesnewworld.nl\/de\/wp-json\/wp\/v2\/product\/10597","targetHints":{"allow":["GET"]}}],"collection":[{"href":"https:\/\/www.breesnewworld.nl\/de\/wp-json\/wp\/v2\/product"}],"about":[{"href":"https:\/\/www.breesnewworld.nl\/de\/wp-json\/wp\/v2\/types\/product"}],"wp:featuredmedia":[{"embeddable":true,"href":"https:\/\/www.breesnewworld.nl\/de\/wp-json\/wp\/v2\/media\/10593"}],"wp:attachment":[{"href":"https:\/\/www.breesnewworld.nl\/de\/wp-json\/wp\/v2\/media?parent=10597"}],"wp:term":[{"taxonomy":"product_brand","embeddable":true,"href":"https:\/\/www.breesnewworld.nl\/de\/wp-json\/wp\/v2\/product_brand?post=10597"},{"taxonomy":"product_cat","embeddable":true,"href":"https:\/\/www.breesnewworld.nl\/de\/wp-json\/wp\/v2\/product_cat?post=10597"},{"taxonomy":"product_tag","embeddable":true,"href":"https:\/\/www.breesnewworld.nl\/de\/wp-json\/wp\/v2\/product_tag?post=10597"}],"curies":[{"name":"wp","href":"https:\/\/api.w.org\/{rel}","templated":true}]}}