{"id":10649,"date":"2023-12-04T13:33:57","date_gmt":"2023-12-04T12:33:57","guid":{"rendered":"https:\/\/www.breesnewworld.nl\/?post_type=product&#038;p=10649"},"modified":"2026-04-04T19:12:13","modified_gmt":"2026-04-04T17:12:13","slug":"twinny-couchtische-twinny-tablett","status":"publish","type":"product","link":"https:\/\/www.breesnewworld.nl\/de\/sammlung\/salontafels-en-bijzettafels\/twinny-couchtische-twinny-tablett\/","title":{"rendered":"Twinny-Couchtische mit Twinny-Tablett"},"content":{"rendered":"","protected":false},"excerpt":{"rendered":"Die Twinny-Couchtische von Bree&#039;s New World sind jetzt auch mit einem Twinny-Tablett erh\u00e4ltlich, einem praktischen Metallregal, das Ihnen die M\u00f6glichkeit bietet, die ben\u00f6tigten Gegenst\u00e4nde ordentlich unter Ihren Couchtischen zu verstecken. Das Twinny-Tablett hat genau die gleiche Form wie die Tischplatte des Couchtisches, wodurch es gleichm\u00e4\u00dfig und ausgewogen aussieht. Besitzen Sie zuf\u00e4llig bereits ein Twinny-Couchtischset? Kein Problem, das Twinny Tray kann einfach auf die gleichen Bolzen montiert und somit problemlos hinzugef\u00fcgt werden. Der Twinny, ein verspielter \u201eCouchtisch-Zwilling\u201c, der m\u00fchelos seinen Weg in viele moderne Wohnzimmer findet. Industriell und warm; Retro und Vintage; elegant und modern; l\u00e4ndlich und skandinavisch; Die fr\u00f6hlichen Twinnys f\u00fchlen sich in fast jedem Wohnzimmer zu Hause. Die gro\u00dfe Auswahl an Materialien, mit denen die Tischplatten von Twinny kombiniert werden k\u00f6nnen, gibt Ihnen als Kunde viel Spielraum, um sie optimal mit dem Rest Ihrer Einrichtung abzustimmen. Die ger\u00e4umigen, eif\u00f6rmigen Tischplatten bieten mehr als genug Platz f\u00fcr einen gro\u00dfen Blumenstrau\u00df oder Sch\u00fcsseln mit leckeren Snacks. Das minimalistische Metalldrahtgestell hingegen sorgt daf\u00fcr, dass das Ganze ger\u00e4umig bleibt. Die Twinny-Couchtische haben genau wie der Esstisch <a href=\"https:\/\/www.breesnewworld.nl\/de\/sammlung\/eettafels\/stahlerner-eiformiger-esstisch\/\">Steely<\/a> Eine organische, v\u00f6llig asymmetrische Platte, die sich sehr gut mit diesem Design-Esstisch kombinieren l\u00e4sst. Die Twinny&#039;s sind nicht nur als Set erh\u00e4ltlich, sondern auch als separater Couchtisch. Nach der Einf\u00fchrung des Couchtischsets im Jahr 2018 hat sich die &#039;Twinny-Familie&#039; nun erheblich erweitert, sowohl in Bezug auf Materialien als auch in Bezug auf die Art der Tische. Die New World-Kollektion von Bree enth\u00e4lt jetzt auch ein Set <a href=\"https:\/\/www.breesnewworld.nl\/de\/sammlung\/salontafels-en-bijzettafels\/twinny-beistelltische\/\">Beistelltische<\/a>, <a href=\"https:\/\/www.breesnewworld.nl\/de\/sammlung\/salontafels-en-bijzettafels\/twinny-sofatisch\/\">Bank Tisch<\/a>, <a href=\"https:\/\/www.breesnewworld.nl\/de\/sammlung\/salontafels-en-bijzettafels\/twinny-xl\/\">XL Couchtisch<\/a> mit Zeitungsfach <a href=\"https:\/\/www.breesnewworld.nl\/de\/sammlung\/salontafels-en-bijzettafels\/twinny-schreibtisch\/\">Schreibtisch<\/a> und einen  kleinen aber etwas h\u00f6heren Couchtisch Twinny (<a href=\"https:\/\/www.breesnewworld.nl\/de\/sammlung\/salontafels-en-bijzettafels\/twinny-top-couchtisch\/\">Twinny Top<\/a>). Designer: Peter Schreuder Goedheijt.\r\n\r\n&nbsp;","protected":false},"featured_media":11688,"template":"","meta":{"_acf_changed":false},"product_brand":[],"product_cat":[77,105],"product_tag":[],"class_list":{"0":"post-10649","1":"product","2":"type-product","3":"status-publish","4":"has-post-thumbnail","6":"product_cat-salontafels-en-bijzettafels","7":"product_cat-tafel-bij-bank","9":"first","10":"instock","11":"taxable","12":"shipping-taxable","13":"product-type-simple"},"exclude_global_add_ons":[],"addons":[],"acf":[],"yoast_head":null,"yoast_head_json":null,"_links":{"self":[{"href":"https:\/\/www.breesnewworld.nl\/de\/wp-json\/wp\/v2\/product\/10649","targetHints":{"allow":["GET"]}}],"collection":[{"href":"https:\/\/www.breesnewworld.nl\/de\/wp-json\/wp\/v2\/product"}],"about":[{"href":"https:\/\/www.breesnewworld.nl\/de\/wp-json\/wp\/v2\/types\/product"}],"wp:featuredmedia":[{"embeddable":true,"href":"https:\/\/www.breesnewworld.nl\/de\/wp-json\/wp\/v2\/media\/11688"}],"wp:attachment":[{"href":"https:\/\/www.breesnewworld.nl\/de\/wp-json\/wp\/v2\/media?parent=10649"}],"wp:term":[{"taxonomy":"product_brand","embeddable":true,"href":"https:\/\/www.breesnewworld.nl\/de\/wp-json\/wp\/v2\/product_brand?post=10649"},{"taxonomy":"product_cat","embeddable":true,"href":"https:\/\/www.breesnewworld.nl\/de\/wp-json\/wp\/v2\/product_cat?post=10649"},{"taxonomy":"product_tag","embeddable":true,"href":"https:\/\/www.breesnewworld.nl\/de\/wp-json\/wp\/v2\/product_tag?post=10649"}],"curies":[{"name":"wp","href":"https:\/\/api.w.org\/{rel}","templated":true}]}}