{"id":10702,"date":"2023-12-09T20:56:35","date_gmt":"2023-12-09T19:56:35","guid":{"rendered":"https:\/\/www.breesnewworld.nl\/?post_type=product&#038;p=10702"},"modified":"2025-10-10T12:05:07","modified_gmt":"2025-10-10T10:05:07","slug":"choq-top23-couchtische","status":"publish","type":"product","link":"https:\/\/www.breesnewworld.nl\/de\/sammlung\/salontafels-en-bijzettafels\/choq-top23-couchtische\/","title":{"rendered":"Choq Top 23 \u2013 Couchtisch"},"content":{"rendered":"","protected":false},"excerpt":{"rendered":"Der Choq Top 23 ist eine Variante des Choq Top Couchtischs, die sich \u00fcber den gro\u00dfen, l\u00e4nglichen Choq Couchtisch mit seinem freitragenden Gestell hinausschieben l\u00e4sst. Dar\u00fcber hinaus ist er auch ein praktischer Beistelltisch, der sich optisch von der Masse abhebt. Die Tischplatte des Choq Top 23 scheint fast zu schweben, ist aber dennoch sehr stabil und formsch\u00f6n abgerundet. ChoQ ist die neueste Couchtischkollektion von Bree&#039;s New World. Die Symmetrie und die Rundungen in Kombination mit dem d\u00fcnnen Stahlblech sorgen f\u00fcr ein klares und ruhiges Bild. Die Couchtische des ChoQ-Programms bestehen aus einteiligen Blechteilen und sind mit superellipsenf\u00f6rmigen Tischplatten aus Massivholz, Ceramistone oder HPL versehen. Die Untergestelle sind in verschiedenen Farben erh\u00e4ltlich, was viele Variationen erm\u00f6glicht. So k\u00f6nnen Sie die ChoQ Couchtische ganz einfach an Ihren Geschmack und Ihre Einrichtung anpassen.","protected":false},"featured_media":10667,"template":"","meta":{"_acf_changed":false},"product_brand":[],"product_cat":[77,105],"product_tag":[],"class_list":{"0":"post-10702","1":"product","2":"type-product","3":"status-publish","4":"has-post-thumbnail","6":"product_cat-salontafels-en-bijzettafels","7":"product_cat-tafel-bij-bank","9":"first","10":"instock","11":"taxable","12":"shipping-taxable","13":"product-type-simple"},"exclude_global_add_ons":[],"addons":[],"acf":[],"yoast_head":null,"yoast_head_json":null,"_links":{"self":[{"href":"https:\/\/www.breesnewworld.nl\/de\/wp-json\/wp\/v2\/product\/10702","targetHints":{"allow":["GET"]}}],"collection":[{"href":"https:\/\/www.breesnewworld.nl\/de\/wp-json\/wp\/v2\/product"}],"about":[{"href":"https:\/\/www.breesnewworld.nl\/de\/wp-json\/wp\/v2\/types\/product"}],"wp:featuredmedia":[{"embeddable":true,"href":"https:\/\/www.breesnewworld.nl\/de\/wp-json\/wp\/v2\/media\/10667"}],"wp:attachment":[{"href":"https:\/\/www.breesnewworld.nl\/de\/wp-json\/wp\/v2\/media?parent=10702"}],"wp:term":[{"taxonomy":"product_brand","embeddable":true,"href":"https:\/\/www.breesnewworld.nl\/de\/wp-json\/wp\/v2\/product_brand?post=10702"},{"taxonomy":"product_cat","embeddable":true,"href":"https:\/\/www.breesnewworld.nl\/de\/wp-json\/wp\/v2\/product_cat?post=10702"},{"taxonomy":"product_tag","embeddable":true,"href":"https:\/\/www.breesnewworld.nl\/de\/wp-json\/wp\/v2\/product_tag?post=10702"}],"curies":[{"name":"wp","href":"https:\/\/api.w.org\/{rel}","templated":true}]}}