{"id":10853,"date":"2024-01-28T09:12:59","date_gmt":"2024-01-28T08:12:59","guid":{"rendered":"https:\/\/www.breesnewworld.nl\/?post_type=product&#038;p=10853"},"modified":"2025-10-03T11:29:42","modified_gmt":"2025-10-03T09:29:42","slug":"esszimmerstuhl-mit-drehbarer-kiq-armlehne","status":"publish","type":"product","link":"https:\/\/www.breesnewworld.nl\/de\/sammlung\/eetkamerstoelen\/esszimmerstuhl-mit-drehbarer-kiq-armlehne\/","title":{"rendered":"Esszimmerstuhl Kiq Arm \u2013 Leder"},"content":{"rendered":"","protected":false},"excerpt":{"rendered":"Das Geheimnis des Kiq (Dreh-)Esszimmerstuhls liegt in seinem Inneren. Eine wohlproportionierte Sitzschale aus laminiertem Buchenholz bietet au\u00dfergew\u00f6hnlichen Sitzkomfort ohne dicke Schaumstoffschichten. Dadurch bleibt die schlichte Optik des Stuhls erhalten. Das schlanke Untergestell aus Aluminiumguss l\u00e4sst die Sitzschale schweben und verleiht dem Kiq ein luftiges Gef\u00fchl. Neben seiner luftigen und modernen Ausstrahlung hat dieser Dreh-Esszimmerstuhl auch den Ruf, angenehm \u201eschnell\u201c zu sein. Die Sitzschale des Kiq Esszimmerstuhls kann mit Stoff oder Leder bezogen werden, ist aber besonders beliebt in einer Stoff-Leder-Kombination. Das Untergestell ist drehbar oder feststehend und mit oder ohne Rollen erh\u00e4ltlich. Neben der Version mit Armlehnen ist der Kiq Esszimmerstuhl auch ohne Armlehnen erh\u00e4ltlich. Die Lederversion des Kiq Arm Drehstuhls ist in \u00fcber zehn verschiedenen Lederarten mit jeweils eigener, vielseitiger Farbpalette erh\u00e4ltlich. Von robustem Vollnarbenleder mit nat\u00fcrlicher Optik bis hin zu bezogenem Leder in verschiedenen leuchtenden Farben \u2013 w\u00e4hlen Sie den Kiq Arm Drehstuhl ganz nach Ihren W\u00fcnschen.","protected":false},"featured_media":10833,"template":"","meta":{"_acf_changed":false},"product_brand":[],"product_cat":[104,64],"product_tag":[],"class_list":{"0":"post-10853","1":"product","2":"type-product","3":"status-publish","4":"has-post-thumbnail","6":"product_cat-draaibare-eetkamerstoelen","7":"product_cat-eetkamerstoelen","9":"first","10":"instock","11":"taxable","12":"shipping-taxable","13":"product-type-simple"},"exclude_global_add_ons":[],"addons":[],"acf":[],"yoast_head":null,"yoast_head_json":null,"_links":{"self":[{"href":"https:\/\/www.breesnewworld.nl\/de\/wp-json\/wp\/v2\/product\/10853","targetHints":{"allow":["GET"]}}],"collection":[{"href":"https:\/\/www.breesnewworld.nl\/de\/wp-json\/wp\/v2\/product"}],"about":[{"href":"https:\/\/www.breesnewworld.nl\/de\/wp-json\/wp\/v2\/types\/product"}],"wp:featuredmedia":[{"embeddable":true,"href":"https:\/\/www.breesnewworld.nl\/de\/wp-json\/wp\/v2\/media\/10833"}],"wp:attachment":[{"href":"https:\/\/www.breesnewworld.nl\/de\/wp-json\/wp\/v2\/media?parent=10853"}],"wp:term":[{"taxonomy":"product_brand","embeddable":true,"href":"https:\/\/www.breesnewworld.nl\/de\/wp-json\/wp\/v2\/product_brand?post=10853"},{"taxonomy":"product_cat","embeddable":true,"href":"https:\/\/www.breesnewworld.nl\/de\/wp-json\/wp\/v2\/product_cat?post=10853"},{"taxonomy":"product_tag","embeddable":true,"href":"https:\/\/www.breesnewworld.nl\/de\/wp-json\/wp\/v2\/product_tag?post=10853"}],"curies":[{"name":"wp","href":"https:\/\/api.w.org\/{rel}","templated":true}]}}