{"id":10864,"date":"2024-01-28T13:32:12","date_gmt":"2024-01-28T12:32:12","guid":{"rendered":"https:\/\/www.breesnewworld.nl\/?post_type=product&#038;p=10864"},"modified":"2025-10-10T16:27:08","modified_gmt":"2025-10-10T14:27:08","slug":"twinny-beistelltische-fenixntm-bloom","status":"publish","type":"product","link":"https:\/\/www.breesnewworld.nl\/de\/sammlung\/salontafels-en-bijzettafels\/twinny-beistelltische-fenixntm-bloom\/","title":{"rendered":"Twinny Ecktische \u2013 FenixNTM\u00ae Bloom"},"content":{"rendered":"","protected":false},"excerpt":{"rendered":"Bei unseren organisch geformten Twinny Couchtischen und Beistelltischen k\u00f6nnen Sie seit Kurzem sechs wundersch\u00f6ne Farben aus der neuen, nachhaltigen BLOOM-Linie von Arpa Fenix w\u00e4hlen. Die Produkte von Arpa Industriale bestehen aus Papier und duroplastischem Harz auf Phenolbasis. Mit BLOOM wurde die Lignin-Technologie eingef\u00fchrt, um (mit 50%) die im Harz enthaltene Menge an Phenol deutlich zu reduzieren. Die Twinny&#039;s in Bloom sind jedem zu empfehlen, der sein Wohn- oder Schlafzimmer mit einem farbenfrohen Couchtisch ausstatten m\u00f6chte (und gleichzeitig etwas Gutes f\u00fcr die Umwelt tun m\u00f6chte). Und um es noch bunter zu machen, sind die Untergestelle in den gleichen sechs Fenix Bloom-Farben erh\u00e4ltlich wie die Tischplatten. Bringen Sie also diese Blumen mit den Twinny-Tischen in Fenix Bloom in Ihr Zuhause! Die sechs Fenix Bloom-Farben, die Bree&#039;s New World in seine Kollektion aufgenommen hat, sind: Rosso Namib (Orange), Verde Kitami (Gr\u00fcn), Rosso Askja (Rosa), Giallo Evora (Gelb), Viola Orissa (Lila) und Blu Shaba (Blau). )","protected":false},"featured_media":10861,"template":"","meta":{"_acf_changed":false},"product_brand":[],"product_cat":[77,105],"product_tag":[],"class_list":{"0":"post-10864","1":"product","2":"type-product","3":"status-publish","4":"has-post-thumbnail","6":"product_cat-salontafels-en-bijzettafels","7":"product_cat-tafel-bij-bank","9":"first","10":"instock","11":"taxable","12":"shipping-taxable","13":"product-type-simple"},"exclude_global_add_ons":[],"addons":[],"acf":[],"yoast_head":null,"yoast_head_json":null,"_links":{"self":[{"href":"https:\/\/www.breesnewworld.nl\/de\/wp-json\/wp\/v2\/product\/10864","targetHints":{"allow":["GET"]}}],"collection":[{"href":"https:\/\/www.breesnewworld.nl\/de\/wp-json\/wp\/v2\/product"}],"about":[{"href":"https:\/\/www.breesnewworld.nl\/de\/wp-json\/wp\/v2\/types\/product"}],"wp:featuredmedia":[{"embeddable":true,"href":"https:\/\/www.breesnewworld.nl\/de\/wp-json\/wp\/v2\/media\/10861"}],"wp:attachment":[{"href":"https:\/\/www.breesnewworld.nl\/de\/wp-json\/wp\/v2\/media?parent=10864"}],"wp:term":[{"taxonomy":"product_brand","embeddable":true,"href":"https:\/\/www.breesnewworld.nl\/de\/wp-json\/wp\/v2\/product_brand?post=10864"},{"taxonomy":"product_cat","embeddable":true,"href":"https:\/\/www.breesnewworld.nl\/de\/wp-json\/wp\/v2\/product_cat?post=10864"},{"taxonomy":"product_tag","embeddable":true,"href":"https:\/\/www.breesnewworld.nl\/de\/wp-json\/wp\/v2\/product_tag?post=10864"}],"curies":[{"name":"wp","href":"https:\/\/api.w.org\/{rel}","templated":true}]}}