{"id":10903,"date":"2024-03-10T12:19:22","date_gmt":"2024-03-10T11:19:22","guid":{"rendered":"https:\/\/www.breesnewworld.nl\/?post_type=product&#038;p=10903"},"modified":"2025-10-03T11:31:09","modified_gmt":"2025-10-03T09:31:09","slug":"esszimmerstuhl-linq","status":"publish","type":"product","link":"https:\/\/www.breesnewworld.nl\/de\/sammlung\/eetkamerstoelen\/esszimmerstuhl-linq\/","title":{"rendered":"Esszimmerstuhl Linq"},"content":{"rendered":"","protected":false},"excerpt":{"rendered":"Auf der IMM Cologne 2024 stellten wir unseren neuen drehbaren Esszimmerstuhl Linq vor, der aufgrund seiner gro\u00dfz\u00fcgigen Sitzfl\u00e4che auch als Esszimmersessel bezeichnet werden kann. Der drehbare Sitz besteht aus einem separaten Sitz und einer R\u00fcckenlehne, die miteinander verbunden sind (daher \u201eLinq\u201c). Gerade bei Kombipolstern aus Stoff und Leder kann das einen schicken Kontrast schaffen und bietet den Kunden zudem die M\u00f6glichkeit, ihrer Fantasie freien Lauf zu lassen. Die f\u00fcnf verschiedenen Farben, in denen der Sockel erh\u00e4ltlich ist, n\u00e4mlich Anthrazit, Eloxalbraun, Beige, Wei\u00df und Schwarz, machen die Auswahl noch pers\u00f6nlicher. Im Namen von Bree\u2019s New World sagen wir: \u201e\u00dcberraschen Sie uns mit einer gewagten \u201aLinq-Kombination\u2018 und wer wei\u00df, vielleicht platzieren wir sie in unserem eigenen Showroom.\u201c","protected":false},"featured_media":10887,"template":"","meta":{"_acf_changed":false},"product_brand":[],"product_cat":[104,64],"product_tag":[],"class_list":{"0":"post-10903","1":"product","2":"type-product","3":"status-publish","4":"has-post-thumbnail","6":"product_cat-draaibare-eetkamerstoelen","7":"product_cat-eetkamerstoelen","9":"first","10":"instock","11":"taxable","12":"shipping-taxable","13":"product-type-simple"},"exclude_global_add_ons":[],"addons":[],"acf":[],"yoast_head":null,"yoast_head_json":null,"_links":{"self":[{"href":"https:\/\/www.breesnewworld.nl\/de\/wp-json\/wp\/v2\/product\/10903","targetHints":{"allow":["GET"]}}],"collection":[{"href":"https:\/\/www.breesnewworld.nl\/de\/wp-json\/wp\/v2\/product"}],"about":[{"href":"https:\/\/www.breesnewworld.nl\/de\/wp-json\/wp\/v2\/types\/product"}],"wp:featuredmedia":[{"embeddable":true,"href":"https:\/\/www.breesnewworld.nl\/de\/wp-json\/wp\/v2\/media\/10887"}],"wp:attachment":[{"href":"https:\/\/www.breesnewworld.nl\/de\/wp-json\/wp\/v2\/media?parent=10903"}],"wp:term":[{"taxonomy":"product_brand","embeddable":true,"href":"https:\/\/www.breesnewworld.nl\/de\/wp-json\/wp\/v2\/product_brand?post=10903"},{"taxonomy":"product_cat","embeddable":true,"href":"https:\/\/www.breesnewworld.nl\/de\/wp-json\/wp\/v2\/product_cat?post=10903"},{"taxonomy":"product_tag","embeddable":true,"href":"https:\/\/www.breesnewworld.nl\/de\/wp-json\/wp\/v2\/product_tag?post=10903"}],"curies":[{"name":"wp","href":"https:\/\/api.w.org\/{rel}","templated":true}]}}