{"id":10904,"date":"2024-03-10T13:10:09","date_gmt":"2024-03-10T12:10:09","guid":{"rendered":"https:\/\/www.breesnewworld.nl\/?post_type=product&#038;p=10904"},"modified":"2025-10-03T13:54:10","modified_gmt":"2025-10-03T11:54:10","slug":"sessel-layla","status":"publish","type":"product","link":"https:\/\/www.breesnewworld.nl\/de\/collectie\/fauteuils\/fauteuil-layla\/","title":{"rendered":"Sessel Layla"},"content":{"rendered":"","protected":false},"excerpt":{"rendered":"Der Layla, ein luxuri\u00f6ser Drehsessel mit hoher R\u00fcckenlehne, der nach hinten geneigt werden muss. Deshalb haben wir diese Funktion hinzugef\u00fcgt, um ihn in einen Relaxsessel zu verwandeln, in dem Sie eine Weile entspannen k\u00f6nnen. Das schlanke, organische Design der Schale und der dezente 4-Fu\u00df-Drehfu\u00df machen den Layla zu einem Blickfang im modernen Wohnzimmer, obwohl Layla aufgrund der vielen Stoff- und Lederoptionen auch ideal f\u00fcr viele andere Einrichtungsarten geeignet ist. Machen Sie gerne ein Nickerchen in Ihrem Sessel? Dank des passenden Fu\u00dfhockers ist dies auch im Layla m\u00f6glich.","protected":false},"featured_media":11164,"template":"","meta":{"_acf_changed":false},"product_brand":[],"product_cat":[71],"product_tag":[],"class_list":{"0":"post-10904","1":"product","2":"type-product","3":"status-publish","4":"has-post-thumbnail","6":"product_cat-fauteuils","8":"first","9":"instock","10":"taxable","11":"shipping-taxable","12":"product-type-simple"},"exclude_global_add_ons":[],"addons":[],"acf":[],"yoast_head":null,"yoast_head_json":null,"_links":{"self":[{"href":"https:\/\/www.breesnewworld.nl\/de\/wp-json\/wp\/v2\/product\/10904","targetHints":{"allow":["GET"]}}],"collection":[{"href":"https:\/\/www.breesnewworld.nl\/de\/wp-json\/wp\/v2\/product"}],"about":[{"href":"https:\/\/www.breesnewworld.nl\/de\/wp-json\/wp\/v2\/types\/product"}],"wp:featuredmedia":[{"embeddable":true,"href":"https:\/\/www.breesnewworld.nl\/de\/wp-json\/wp\/v2\/media\/11164"}],"wp:attachment":[{"href":"https:\/\/www.breesnewworld.nl\/de\/wp-json\/wp\/v2\/media?parent=10904"}],"wp:term":[{"taxonomy":"product_brand","embeddable":true,"href":"https:\/\/www.breesnewworld.nl\/de\/wp-json\/wp\/v2\/product_brand?post=10904"},{"taxonomy":"product_cat","embeddable":true,"href":"https:\/\/www.breesnewworld.nl\/de\/wp-json\/wp\/v2\/product_cat?post=10904"},{"taxonomy":"product_tag","embeddable":true,"href":"https:\/\/www.breesnewworld.nl\/de\/wp-json\/wp\/v2\/product_tag?post=10904"}],"curies":[{"name":"wp","href":"https:\/\/api.w.org\/{rel}","templated":true}]}}