{"id":10973,"date":"2024-06-09T11:42:32","date_gmt":"2024-06-09T09:42:32","guid":{"rendered":"https:\/\/www.breesnewworld.nl\/?post_type=product&#038;p=10973"},"modified":"2025-10-10T11:14:54","modified_gmt":"2025-10-10T09:14:54","slug":"storq-eettafel-superellips-ovaal","status":"publish","type":"product","link":"https:\/\/www.breesnewworld.nl\/de\/collectie\/eettafels\/storq-eettafel-superellips-ovaal\/","title":{"rendered":"Storq \u2013 Esstisch Superellipse"},"content":{"rendered":"","protected":false},"excerpt":{"rendered":"Der Ausgangspunkt f\u00fcr den neuesten Storq-Esstisch von Bree&#039;s New World war die Suche nach einer Kombination aus kreativem Design und Funktionalit\u00e4t. Ein zentrales Bein an einem Esstisch ist nat\u00fcrlich nichts Neues, aber die charakteristische konische S\u00e4ule aus gebogenem Holzfurnier verleiht dem Storq neben einem ruhigen Erscheinungsbild das gewisse Extra im Vergleich zur Masse. Auch die Form des Blattes (Superellipse) unterscheidet sich geringf\u00fcgig von der ovalen Standardform. Die Metallgrundplatte ist geformt und somit einheitlich mit der Oberseite. Die S\u00e4ule aus Eiche oder Nussbaum ist in verschiedenen Beizfarben erh\u00e4ltlich und auch lackiert. Die Metallteile des Sockels k\u00f6nnen in verschiedenen Farben pulverbeschichtet werden und vor allem ist der gesamte Sockel nicht zu schwer und dennoch sehr stabil. Die verf\u00fcgbaren Gr\u00f6\u00dfen der Tischplatte reichen von 180 bis 260 cm. Als Materialien f\u00fcr die Tischplatte kommen Keramik, HPL, Fenix und Massivholz in Frage.","protected":false},"featured_media":10978,"template":"","meta":{"_acf_changed":false},"product_brand":[],"product_cat":[73],"product_tag":[],"class_list":{"0":"post-10973","1":"product","2":"type-product","3":"status-publish","4":"has-post-thumbnail","6":"product_cat-eettafels","8":"first","9":"instock","10":"taxable","11":"shipping-taxable","12":"product-type-simple"},"exclude_global_add_ons":[],"addons":[],"acf":[],"yoast_head":null,"yoast_head_json":null,"_links":{"self":[{"href":"https:\/\/www.breesnewworld.nl\/de\/wp-json\/wp\/v2\/product\/10973","targetHints":{"allow":["GET"]}}],"collection":[{"href":"https:\/\/www.breesnewworld.nl\/de\/wp-json\/wp\/v2\/product"}],"about":[{"href":"https:\/\/www.breesnewworld.nl\/de\/wp-json\/wp\/v2\/types\/product"}],"wp:featuredmedia":[{"embeddable":true,"href":"https:\/\/www.breesnewworld.nl\/de\/wp-json\/wp\/v2\/media\/10978"}],"wp:attachment":[{"href":"https:\/\/www.breesnewworld.nl\/de\/wp-json\/wp\/v2\/media?parent=10973"}],"wp:term":[{"taxonomy":"product_brand","embeddable":true,"href":"https:\/\/www.breesnewworld.nl\/de\/wp-json\/wp\/v2\/product_brand?post=10973"},{"taxonomy":"product_cat","embeddable":true,"href":"https:\/\/www.breesnewworld.nl\/de\/wp-json\/wp\/v2\/product_cat?post=10973"},{"taxonomy":"product_tag","embeddable":true,"href":"https:\/\/www.breesnewworld.nl\/de\/wp-json\/wp\/v2\/product_tag?post=10973"}],"curies":[{"name":"wp","href":"https:\/\/api.w.org\/{rel}","templated":true}]}}