{"id":10984,"date":"2024-06-16T11:55:25","date_gmt":"2024-06-16T09:55:25","guid":{"rendered":"https:\/\/www.breesnewworld.nl\/?post_type=product&#038;p=10984"},"modified":"2026-01-09T13:41:54","modified_gmt":"2026-01-09T12:41:54","slug":"druppel-esstisch","status":"publish","type":"product","link":"https:\/\/www.breesnewworld.nl\/de\/collectie\/eettafels\/druppel-eettafel\/","title":{"rendered":"Drop \u2013 Esstisch"},"content":{"rendered":"","protected":false},"excerpt":{"rendered":"Das Design des Druppel Esstisches verbindet Funktionalit\u00e4t mit verspieltem Design. Die Symmetrie der organischen, tropfenf\u00f6rmigen Platte und des Stahlrahmens macht den Druppel sehr praktisch, um mindestens 5 St\u00fchle hinzuzuf\u00fcgen und beim Essen gen\u00fcgend Platz f\u00fcr alle zu bieten. Optisch ist der Drop hingegen sehr dynamisch und unvorhersehbar. Gehen Sie einfach darum herum und Sie werden sehen, dass es immer anders aussieht. Dieser verspielte Esstisch ist mit einer Tischplatte von 180 cm bis 260 cm erh\u00e4ltlich und das sehr stabile Metallgestell kann in verschiedenen Farben beschichtet werden.\r\n\r\n&nbsp;\r\n\r\n&nbsp;","protected":false},"featured_media":11144,"template":"","meta":{"_acf_changed":false},"product_brand":[],"product_cat":[73],"product_tag":[],"class_list":{"0":"post-10984","1":"product","2":"type-product","3":"status-publish","4":"has-post-thumbnail","6":"product_cat-eettafels","8":"first","9":"instock","10":"taxable","11":"shipping-taxable","12":"product-type-simple"},"exclude_global_add_ons":[],"addons":[],"acf":[],"yoast_head":null,"yoast_head_json":null,"_links":{"self":[{"href":"https:\/\/www.breesnewworld.nl\/de\/wp-json\/wp\/v2\/product\/10984","targetHints":{"allow":["GET"]}}],"collection":[{"href":"https:\/\/www.breesnewworld.nl\/de\/wp-json\/wp\/v2\/product"}],"about":[{"href":"https:\/\/www.breesnewworld.nl\/de\/wp-json\/wp\/v2\/types\/product"}],"wp:featuredmedia":[{"embeddable":true,"href":"https:\/\/www.breesnewworld.nl\/de\/wp-json\/wp\/v2\/media\/11144"}],"wp:attachment":[{"href":"https:\/\/www.breesnewworld.nl\/de\/wp-json\/wp\/v2\/media?parent=10984"}],"wp:term":[{"taxonomy":"product_brand","embeddable":true,"href":"https:\/\/www.breesnewworld.nl\/de\/wp-json\/wp\/v2\/product_brand?post=10984"},{"taxonomy":"product_cat","embeddable":true,"href":"https:\/\/www.breesnewworld.nl\/de\/wp-json\/wp\/v2\/product_cat?post=10984"},{"taxonomy":"product_tag","embeddable":true,"href":"https:\/\/www.breesnewworld.nl\/de\/wp-json\/wp\/v2\/product_tag?post=10984"}],"curies":[{"name":"wp","href":"https:\/\/api.w.org\/{rel}","templated":true}]}}