{"id":11007,"date":"2024-07-08T15:45:44","date_gmt":"2024-07-08T13:45:44","guid":{"rendered":"https:\/\/www.breesnewworld.nl\/?post_type=product&#038;p=11007"},"modified":"2025-10-10T11:17:55","modified_gmt":"2025-10-10T09:17:55","slug":"storq-eettafel-vierkant","status":"publish","type":"product","link":"https:\/\/www.breesnewworld.nl\/de\/collectie\/eettafels\/storq-eettafel-vierkant\/","title":{"rendered":"Storq Square \u2013 quadratischer Esstisch"},"content":{"rendered":"","protected":false},"excerpt":{"rendered":"Der Storq Vierkant ist eigentlich, vereinfacht gesagt, ein quadratischer Esstisch mit abgerundeten Ecken. Diese Einfachheit l\u00e4sst sich auch auf die Konstruktion zur\u00fcckf\u00fchren. Eine Metallgrundplatte und eine Bodenplatte sind \u00fcber zwei Gewindeenden verbunden, die durch das zentrale Holzbein verlaufen, wobei dieses konische Holzbein als Tr\u00e4ger f\u00fcr die Tischplatte fungiert. Diese S\u00e4ule aus gebogenem Holzfurnier hat ebenso wie die Tischplatte eine quadratische Form, wodurch eine starke Synergie zwischen beiden entsteht. Das Design hingegen ist ziemlich einzigartig. Die Kombination einer pulverbeschichteten Grundplatte in Kombination mit einer konischen S\u00e4ule aus gebogenem Holzfurnier, die in verschiedenen Lackfarben erh\u00e4ltlich ist, findet man nicht alle Tage. F\u00fcgen Sie dazu die Materialoptionen f\u00fcr die Platte hinzu (HPL, Fenix, Massivholz oder Keramik) und Sie erstellen mit dem Storq Vierkant Ihren eigenen, einzigartigen Designtisch. Betrachtet man die Funktionalit\u00e4t des Storq Vierkant, kann man sagen, dass er ein sehr geeigneter Esstisch f\u00fcr kleine R\u00e4ume ist. In oder in der N\u00e4he einer kleinen K\u00fcche sieht es sicherlich nicht fehl am Platz aus, wenn Sie Ihren Wohnbereich etwas mehr vom Ort, an dem Sie essen, trennen m\u00f6chten. Aufgrund seiner Form und Gr\u00f6\u00dfe (128 x 128 cm) kann dieser Tisch auch hervorragend als Kartentisch dienen, insbesondere beim Spielen von Kartenspielen f\u00fcr 4 Personen, wie zum Beispiel Klaverjacks oder Hearts. Wir empfehlen eine Tischplatte aus Fenix, die leicht zu reinigen ist und \u00fcber eine gute Gleitfl\u00e4che verf\u00fcgt. So bleibt der Schwung bei Ihren Kartenabenden erhalten.","protected":false},"featured_media":11153,"template":"","meta":{"_acf_changed":false},"product_brand":[],"product_cat":[73],"product_tag":[],"class_list":{"0":"post-11007","1":"product","2":"type-product","3":"status-publish","4":"has-post-thumbnail","6":"product_cat-eettafels","8":"first","9":"instock","10":"taxable","11":"shipping-taxable","12":"product-type-simple"},"exclude_global_add_ons":[],"addons":[],"acf":[],"yoast_head":null,"yoast_head_json":null,"_links":{"self":[{"href":"https:\/\/www.breesnewworld.nl\/de\/wp-json\/wp\/v2\/product\/11007","targetHints":{"allow":["GET"]}}],"collection":[{"href":"https:\/\/www.breesnewworld.nl\/de\/wp-json\/wp\/v2\/product"}],"about":[{"href":"https:\/\/www.breesnewworld.nl\/de\/wp-json\/wp\/v2\/types\/product"}],"wp:featuredmedia":[{"embeddable":true,"href":"https:\/\/www.breesnewworld.nl\/de\/wp-json\/wp\/v2\/media\/11153"}],"wp:attachment":[{"href":"https:\/\/www.breesnewworld.nl\/de\/wp-json\/wp\/v2\/media?parent=11007"}],"wp:term":[{"taxonomy":"product_brand","embeddable":true,"href":"https:\/\/www.breesnewworld.nl\/de\/wp-json\/wp\/v2\/product_brand?post=11007"},{"taxonomy":"product_cat","embeddable":true,"href":"https:\/\/www.breesnewworld.nl\/de\/wp-json\/wp\/v2\/product_cat?post=11007"},{"taxonomy":"product_tag","embeddable":true,"href":"https:\/\/www.breesnewworld.nl\/de\/wp-json\/wp\/v2\/product_tag?post=11007"}],"curies":[{"name":"wp","href":"https:\/\/api.w.org\/{rel}","templated":true}]}}