{"id":11148,"date":"2024-09-20T22:15:07","date_gmt":"2024-09-20T20:15:07","guid":{"rendered":"https:\/\/www.breesnewworld.nl\/?post_type=product&#038;p=11148"},"modified":"2025-10-03T11:30:33","modified_gmt":"2025-10-03T09:30:33","slug":"eetkamerstoel-kiq-arm-wiel","status":"publish","type":"product","link":"https:\/\/www.breesnewworld.nl\/de\/sammlung\/eetkamerstoelen\/eetkamerstoel-kiq-arm-wiel\/","title":{"rendered":"Esszimmerstuhl Kiq Armrad"},"content":{"rendered":"","protected":false},"excerpt":{"rendered":"Das Geheimnis des Kiq (drehbaren) Esszimmerstuhls liegt im Inneren. Eine wohlproportionierte Sitzschale aus Buchenschichtholz sorgt f\u00fcr hohen Sitzkomfort, ohne dass dicke Schaumstoffschichten n\u00f6tig sind. Dadurch bleibt der Stuhl sch\u00f6n und schlank. Der schlanke Fu\u00df aus Aluminiumguss l\u00e4sst die Sitzschale gewisserma\u00dfen schweben und verleiht dem Kiq ein luftiges Erscheinungsbild. Neben seinem luftigen und modernen Aussehen hat dieser drehbare Esszimmerstuhl auch einen sch\u00f6nen \u201eschnellen\u201c Namen. Die Schale des Kiq-Esszimmerstuhls kann aus Stoff oder Leder bestehen, besonders beliebt ist jedoch eine Stoff-Leder-Kombination. Die Basis kann sowohl drehbar als auch fest sowie mit oder ohne R\u00e4der geliefert werden. Neben der Version mit Armlehnen ist der Kiq Esszimmerstuhl auch ohne Armlehnen erh\u00e4ltlich.","protected":false},"featured_media":11130,"template":"","meta":{"_acf_changed":false},"product_brand":[],"product_cat":[104,64],"product_tag":[],"class_list":{"0":"post-11148","1":"product","2":"type-product","3":"status-publish","4":"has-post-thumbnail","6":"product_cat-draaibare-eetkamerstoelen","7":"product_cat-eetkamerstoelen","9":"first","10":"instock","11":"taxable","12":"shipping-taxable","13":"product-type-simple"},"exclude_global_add_ons":[],"addons":[],"acf":[],"yoast_head":null,"yoast_head_json":null,"_links":{"self":[{"href":"https:\/\/www.breesnewworld.nl\/de\/wp-json\/wp\/v2\/product\/11148","targetHints":{"allow":["GET"]}}],"collection":[{"href":"https:\/\/www.breesnewworld.nl\/de\/wp-json\/wp\/v2\/product"}],"about":[{"href":"https:\/\/www.breesnewworld.nl\/de\/wp-json\/wp\/v2\/types\/product"}],"wp:featuredmedia":[{"embeddable":true,"href":"https:\/\/www.breesnewworld.nl\/de\/wp-json\/wp\/v2\/media\/11130"}],"wp:attachment":[{"href":"https:\/\/www.breesnewworld.nl\/de\/wp-json\/wp\/v2\/media?parent=11148"}],"wp:term":[{"taxonomy":"product_brand","embeddable":true,"href":"https:\/\/www.breesnewworld.nl\/de\/wp-json\/wp\/v2\/product_brand?post=11148"},{"taxonomy":"product_cat","embeddable":true,"href":"https:\/\/www.breesnewworld.nl\/de\/wp-json\/wp\/v2\/product_cat?post=11148"},{"taxonomy":"product_tag","embeddable":true,"href":"https:\/\/www.breesnewworld.nl\/de\/wp-json\/wp\/v2\/product_tag?post=11148"}],"curies":[{"name":"wp","href":"https:\/\/api.w.org\/{rel}","templated":true}]}}