{"id":11151,"date":"2024-09-20T22:51:49","date_gmt":"2024-09-20T20:51:49","guid":{"rendered":"https:\/\/www.breesnewworld.nl\/?post_type=product&#038;p=11151"},"modified":"2025-10-10T14:27:42","modified_gmt":"2025-10-10T12:27:42","slug":"twinny-salontafels-hpl-sandstone","status":"publish","type":"product","link":"https:\/\/www.breesnewworld.nl\/de\/sammlung\/salontafels-en-bijzettafels\/twinny-salontafels-hpl-sandstone\/","title":{"rendered":"Twinny Couchtische \u2013 HPL Sandstein"},"content":{"rendered":"","protected":false},"excerpt":{"rendered":"Die Twinny-Couchtische aus Bree&#039;s New World, ein verspielter &quot;Couchtisch-Zwilling&quot;, der m\u00fchelos in viele moderne Wohnzimmer gelangt. Industriell und warm; Retro und Vintage; schlank und modern; l\u00e4ndlich und skandinavisch; Der fr\u00f6hliche Twinny f\u00fchlt sich in fast jeder Art von Wohnzimmer zu Hause. Die gro\u00dfe Auswahl an Materialien, mit denen die Tischplatten des Twinny kombiniert werden k\u00f6nnen, bietet Ihnen als Kunden viel Platz, um sie optimal an den Rest Ihres Interieurs anzupassen. Die ger\u00e4umigen, eif\u00f6rmigen Tops bieten mehr als genug Platz f\u00fcr einen gro\u00dfen Blumenstrau\u00df oder Schalen mit leckeren Snacks. Der minimalistische Metalldrahtrahmen hingegen h\u00e4lt das Ganze ger\u00e4umig. Die Couchtische haben Twinny, genau wie der Esstisch <a href=\"https:\/\/www.breesnewworld.nl\/de\/sammlung\/eettafels\/stahlerner-eiformiger-esstisch\/\">Steely<\/a> Eine organische, v\u00f6llig asymmetrische Platte, die sich sehr gut mit diesem Design-Esstisch kombinieren l\u00e4sst. Die Twinny&#039;s sind nicht nur als Set erh\u00e4ltlich, sondern auch als separater Couchtisch. Nach der Einf\u00fchrung des Couchtischsets im Jahr 2018 hat sich die &#039;Twinny-Familie&#039; nun erheblich erweitert, sowohl in Bezug auf Materialien als auch in Bezug auf die Art der Tische. Die New World-Kollektion von Bree enth\u00e4lt jetzt auch ein Set <a href=\"https:\/\/www.breesnewworld.nl\/de\/sammlung\/salontafels-en-bijzettafels\/twinny-top-couchtisch\/\">Beistelltische<\/a>, <a href=\"https:\/\/www.breesnewworld.nl\/de\/sammlung\/salontafels-en-bijzettafels\/twinny-sofatisch\/\">Bank Tisch<\/a>, <a href=\"https:\/\/www.breesnewworld.nl\/de\/sammlung\/salontafels-en-bijzettafels\/twinny-top-couchtisch\/\">XL Couchtisch<\/a> mit Zeitungsfach <a href=\"https:\/\/www.breesnewworld.nl\/de\/sammlung\/salontafels-en-bijzettafels\/twinny-schreibtisch\/\">Schreibtisch<\/a> und einen  kleinen aber etwas h\u00f6heren Couchtisch Twinny (<a href=\"https:\/\/www.breesnewworld.nl\/de\/salontafels-en-bijzettafels\/\">Twinny Top<\/a>). Designer: Peter Schreuder Goedheijt.\r\n\r\n&nbsp;","protected":false},"featured_media":11111,"template":"","meta":{"_acf_changed":false},"product_brand":[],"product_cat":[77,105],"product_tag":[],"class_list":{"0":"post-11151","1":"product","2":"type-product","3":"status-publish","4":"has-post-thumbnail","6":"product_cat-salontafels-en-bijzettafels","7":"product_cat-tafel-bij-bank","9":"first","10":"instock","11":"taxable","12":"shipping-taxable","13":"product-type-simple"},"exclude_global_add_ons":[],"addons":[],"acf":[],"yoast_head":null,"yoast_head_json":null,"_links":{"self":[{"href":"https:\/\/www.breesnewworld.nl\/de\/wp-json\/wp\/v2\/product\/11151","targetHints":{"allow":["GET"]}}],"collection":[{"href":"https:\/\/www.breesnewworld.nl\/de\/wp-json\/wp\/v2\/product"}],"about":[{"href":"https:\/\/www.breesnewworld.nl\/de\/wp-json\/wp\/v2\/types\/product"}],"wp:featuredmedia":[{"embeddable":true,"href":"https:\/\/www.breesnewworld.nl\/de\/wp-json\/wp\/v2\/media\/11111"}],"wp:attachment":[{"href":"https:\/\/www.breesnewworld.nl\/de\/wp-json\/wp\/v2\/media?parent=11151"}],"wp:term":[{"taxonomy":"product_brand","embeddable":true,"href":"https:\/\/www.breesnewworld.nl\/de\/wp-json\/wp\/v2\/product_brand?post=11151"},{"taxonomy":"product_cat","embeddable":true,"href":"https:\/\/www.breesnewworld.nl\/de\/wp-json\/wp\/v2\/product_cat?post=11151"},{"taxonomy":"product_tag","embeddable":true,"href":"https:\/\/www.breesnewworld.nl\/de\/wp-json\/wp\/v2\/product_tag?post=11151"}],"curies":[{"name":"wp","href":"https:\/\/api.w.org\/{rel}","templated":true}]}}