{"id":11167,"date":"2024-09-20T23:08:21","date_gmt":"2024-09-20T21:08:21","guid":{"rendered":"https:\/\/www.breesnewworld.nl\/?post_type=product&#038;p=11167"},"modified":"2025-10-03T14:35:15","modified_gmt":"2025-10-03T12:35:15","slug":"bank-remake-24-stof","status":"publish","type":"product","link":"https:\/\/www.breesnewworld.nl\/de\/sammlung\/banken\/bank-remake-24-stof\/","title":{"rendered":"Bank Remake 24 \u2013 Stoff"},"content":{"rendered":"","protected":false},"excerpt":{"rendered":"Das Remake 24 ist genauso bequem wie das regul\u00e4re Remake, hat aber etwas mehr Rundungen und eine h\u00f6here Armlehne, sodass Sie es sich in der Ecke dieses organischen Retro-Sofas gem\u00fctlich machen k\u00f6nnen. R\u00fcckenlehne und Sitzfl\u00e4che eignen sich hervorragend f\u00fcr eine kontrastierende Kombination aus Stoff und Leder, ggf. erg\u00e4nzt durch passende Kissen. Das Remake-Sofa ist als 2,5-Sitzer, 3-Sitzer und ab Sommer 2024 auch als 3,5-Sitzer erh\u00e4ltlich.\r\n\r\n&nbsp;","protected":false},"featured_media":11262,"template":"","meta":{"_acf_changed":false},"product_brand":[],"product_cat":[63],"product_tag":[],"class_list":{"0":"post-11167","1":"product","2":"type-product","3":"status-publish","4":"has-post-thumbnail","6":"product_cat-banken","8":"first","9":"instock","10":"taxable","11":"shipping-taxable","12":"product-type-simple"},"exclude_global_add_ons":[],"addons":[],"acf":[],"yoast_head":null,"yoast_head_json":null,"_links":{"self":[{"href":"https:\/\/www.breesnewworld.nl\/de\/wp-json\/wp\/v2\/product\/11167","targetHints":{"allow":["GET"]}}],"collection":[{"href":"https:\/\/www.breesnewworld.nl\/de\/wp-json\/wp\/v2\/product"}],"about":[{"href":"https:\/\/www.breesnewworld.nl\/de\/wp-json\/wp\/v2\/types\/product"}],"wp:featuredmedia":[{"embeddable":true,"href":"https:\/\/www.breesnewworld.nl\/de\/wp-json\/wp\/v2\/media\/11262"}],"wp:attachment":[{"href":"https:\/\/www.breesnewworld.nl\/de\/wp-json\/wp\/v2\/media?parent=11167"}],"wp:term":[{"taxonomy":"product_brand","embeddable":true,"href":"https:\/\/www.breesnewworld.nl\/de\/wp-json\/wp\/v2\/product_brand?post=11167"},{"taxonomy":"product_cat","embeddable":true,"href":"https:\/\/www.breesnewworld.nl\/de\/wp-json\/wp\/v2\/product_cat?post=11167"},{"taxonomy":"product_tag","embeddable":true,"href":"https:\/\/www.breesnewworld.nl\/de\/wp-json\/wp\/v2\/product_tag?post=11167"}],"curies":[{"name":"wp","href":"https:\/\/api.w.org\/{rel}","templated":true}]}}