{"id":11170,"date":"2024-09-20T23:40:58","date_gmt":"2024-09-20T21:40:58","guid":{"rendered":"https:\/\/www.breesnewworld.nl\/?post_type=product&#038;p=11170"},"modified":"2025-10-03T11:27:50","modified_gmt":"2025-10-03T09:27:50","slug":"eetkamerstoel-kiq-24","status":"publish","type":"product","link":"https:\/\/www.breesnewworld.nl\/de\/sammlung\/eetkamerstoelen\/eetkamerstoel-kiq-24\/","title":{"rendered":"Esszimmerstuhl Kiq 24"},"content":{"rendered":"","protected":false},"excerpt":{"rendered":"Das Geheimnis des drehbaren Esszimmerstuhls Kiq 24 liegt im Inneren. Eine wohlproportionierte Sitzschale aus laminiertem Buchenholz bietet au\u00dfergew\u00f6hnlichen Sitzkomfort ohne dicke Schaumstoffschichten. Dadurch bleibt die schlichte Optik des Stuhls erhalten. Das schlanke Untergestell aus Aluminiumguss l\u00e4sst die Sitzschale schweben und verleiht dem Kiq ein luftiges Gef\u00fchl. Neben seiner luftigen und modernen Ausstrahlung hat dieser drehbare Esszimmerstuhl nat\u00fcrlich auch den Ruf, angenehm \u201eschnell\u201c zu sein. Die Sitzschale des Kiq Esszimmerstuhls kann mit Stoff oder Leder bezogen werden, ist aber besonders beliebt in einer Stoff-Leder-Kombination. Das Untergestell ist als drehbare oder feste Version sowie mit oder ohne Rollen erh\u00e4ltlich. Neben einer Version ohne Armlehnen ist der Kiq Esszimmerstuhl auch erh\u00e4ltlich <a href=\"https:\/\/www.breesnewworld.nl\/de\/sammlung\/eetkamer-stoelen\/kiq-arm\/\">mit Armlehnen<\/a>.","protected":false},"featured_media":11125,"template":"","meta":{"_acf_changed":false},"product_brand":[],"product_cat":[104,64],"product_tag":[],"class_list":{"0":"post-11170","1":"product","2":"type-product","3":"status-publish","4":"has-post-thumbnail","6":"product_cat-draaibare-eetkamerstoelen","7":"product_cat-eetkamerstoelen","9":"first","10":"instock","11":"taxable","12":"shipping-taxable","13":"product-type-simple"},"exclude_global_add_ons":[],"addons":[],"acf":[],"yoast_head":null,"yoast_head_json":null,"_links":{"self":[{"href":"https:\/\/www.breesnewworld.nl\/de\/wp-json\/wp\/v2\/product\/11170","targetHints":{"allow":["GET"]}}],"collection":[{"href":"https:\/\/www.breesnewworld.nl\/de\/wp-json\/wp\/v2\/product"}],"about":[{"href":"https:\/\/www.breesnewworld.nl\/de\/wp-json\/wp\/v2\/types\/product"}],"wp:featuredmedia":[{"embeddable":true,"href":"https:\/\/www.breesnewworld.nl\/de\/wp-json\/wp\/v2\/media\/11125"}],"wp:attachment":[{"href":"https:\/\/www.breesnewworld.nl\/de\/wp-json\/wp\/v2\/media?parent=11170"}],"wp:term":[{"taxonomy":"product_brand","embeddable":true,"href":"https:\/\/www.breesnewworld.nl\/de\/wp-json\/wp\/v2\/product_brand?post=11170"},{"taxonomy":"product_cat","embeddable":true,"href":"https:\/\/www.breesnewworld.nl\/de\/wp-json\/wp\/v2\/product_cat?post=11170"},{"taxonomy":"product_tag","embeddable":true,"href":"https:\/\/www.breesnewworld.nl\/de\/wp-json\/wp\/v2\/product_tag?post=11170"}],"curies":[{"name":"wp","href":"https:\/\/api.w.org\/{rel}","templated":true}]}}