{"id":11414,"date":"2025-03-29T08:45:44","date_gmt":"2025-03-29T07:45:44","guid":{"rendered":"https:\/\/www.breesnewworld.nl\/?post_type=product&#038;p=11414"},"modified":"2025-09-26T17:49:27","modified_gmt":"2025-09-26T15:49:27","slug":"eetkamerstoel-kiq-arm-deluxe-24","status":"publish","type":"product","link":"https:\/\/www.breesnewworld.nl\/de\/sammlung\/eetkamerstoelen\/eetkamerstoel-kiq-arm-deluxe-24\/","title":{"rendered":"Esszimmerstuhl Kiq Arm Deluxe 24"},"content":{"rendered":"","protected":false},"excerpt":{"rendered":"Der vielleicht gr\u00f6\u00dfte Vorteil des drehbaren Esszimmerstuhls Kiq ist sein au\u00dfergew\u00f6hnlicher Komfort f\u00fcr viele Menschen. Mit dem neuen Kiq Deluxe geht Bree&#039;s New World noch einen Schritt weiter. Die gro\u00dfz\u00fcgig gepolsterte Sitzfl\u00e4che und die flauschige Polsterung dieses \u201edicken Kiq\u201c sorgen f\u00fcr ein wunderbar weiches Sitzgef\u00fchl, besonders in Kombination mit einem sch\u00f6nen Boucl\u00e9-Stoff wie Nuvola von Weverij De Ploeg.","protected":false},"featured_media":11382,"template":"","meta":{"_acf_changed":false},"product_brand":[],"product_cat":[104,64],"product_tag":[],"class_list":{"0":"post-11414","1":"product","2":"type-product","3":"status-publish","4":"has-post-thumbnail","6":"product_cat-draaibare-eetkamerstoelen","7":"product_cat-eetkamerstoelen","9":"first","10":"instock","11":"taxable","12":"shipping-taxable","13":"product-type-simple"},"exclude_global_add_ons":[],"addons":[],"acf":[],"yoast_head":null,"yoast_head_json":null,"_links":{"self":[{"href":"https:\/\/www.breesnewworld.nl\/de\/wp-json\/wp\/v2\/product\/11414","targetHints":{"allow":["GET"]}}],"collection":[{"href":"https:\/\/www.breesnewworld.nl\/de\/wp-json\/wp\/v2\/product"}],"about":[{"href":"https:\/\/www.breesnewworld.nl\/de\/wp-json\/wp\/v2\/types\/product"}],"wp:featuredmedia":[{"embeddable":true,"href":"https:\/\/www.breesnewworld.nl\/de\/wp-json\/wp\/v2\/media\/11382"}],"wp:attachment":[{"href":"https:\/\/www.breesnewworld.nl\/de\/wp-json\/wp\/v2\/media?parent=11414"}],"wp:term":[{"taxonomy":"product_brand","embeddable":true,"href":"https:\/\/www.breesnewworld.nl\/de\/wp-json\/wp\/v2\/product_brand?post=11414"},{"taxonomy":"product_cat","embeddable":true,"href":"https:\/\/www.breesnewworld.nl\/de\/wp-json\/wp\/v2\/product_cat?post=11414"},{"taxonomy":"product_tag","embeddable":true,"href":"https:\/\/www.breesnewworld.nl\/de\/wp-json\/wp\/v2\/product_tag?post=11414"}],"curies":[{"name":"wp","href":"https:\/\/api.w.org\/{rel}","templated":true}]}}