{"id":11416,"date":"2025-03-29T17:13:38","date_gmt":"2025-03-29T16:13:38","guid":{"rendered":"https:\/\/www.breesnewworld.nl\/?post_type=product&#038;p=11416"},"modified":"2026-04-05T16:34:47","modified_gmt":"2026-04-05T14:34:47","slug":"trapea-salontafels","status":"publish","type":"product","link":"https:\/\/www.breesnewworld.nl\/de\/sammlung\/salontafels-en-bijzettafels\/trapea-salontafels\/","title":{"rendered":"Trapea Couchtische"},"content":{"rendered":"","protected":false},"excerpt":{"rendered":"Trapea: die neue Familie von Couch- und Beistelltischen von Bree&#039;s New World, die wie Twinny, Cloudy und Choq dank unterschiedlicher Tischplattengr\u00f6\u00dfen und -formen, Materialoptionen und H\u00f6henunterschieden in den Gestellen vielseitig kombinierbar sind. Trapea Large und Trapea Small lassen sich sowohl mit dem Small als auch als Set kombinieren. <a href=\"https:\/\/www.breesnewworld.nl\/de\/sammlung\/salontafels-en-bijzettafels\/trapea-top-salontafels\/\">Trapea Top<\/a> Couchtische. Die asymmetrischen, trapezf\u00f6rmigen Tischplatten verleihen dieser Couch- und Beistelltischfamilie eine dynamische, energiegeladene Optik. Die einheitlichen Metallf\u00fc\u00dfe sorgen f\u00fcr ein harmonisches Gesamtbild. Dank der verschiedenen Metallfarben f\u00fcr das Gestell und der zahlreichen HPL-, Fenix-, Keramik- und Massivholzfarben f\u00fcr die Tischplatten lassen sich die Trapea-Tische problemlos an Ihren bevorzugten Einrichtungsstil anpassen.\r\n\r\n&nbsp;","protected":false},"featured_media":11706,"template":"","meta":{"_acf_changed":false},"product_brand":[],"product_cat":[77,105],"product_tag":[],"class_list":{"0":"post-11416","1":"product","2":"type-product","3":"status-publish","4":"has-post-thumbnail","6":"product_cat-salontafels-en-bijzettafels","7":"product_cat-tafel-bij-bank","9":"first","10":"instock","11":"taxable","12":"shipping-taxable","13":"product-type-simple"},"exclude_global_add_ons":[],"addons":[],"acf":[],"yoast_head":null,"yoast_head_json":null,"_links":{"self":[{"href":"https:\/\/www.breesnewworld.nl\/de\/wp-json\/wp\/v2\/product\/11416","targetHints":{"allow":["GET"]}}],"collection":[{"href":"https:\/\/www.breesnewworld.nl\/de\/wp-json\/wp\/v2\/product"}],"about":[{"href":"https:\/\/www.breesnewworld.nl\/de\/wp-json\/wp\/v2\/types\/product"}],"wp:featuredmedia":[{"embeddable":true,"href":"https:\/\/www.breesnewworld.nl\/de\/wp-json\/wp\/v2\/media\/11706"}],"wp:attachment":[{"href":"https:\/\/www.breesnewworld.nl\/de\/wp-json\/wp\/v2\/media?parent=11416"}],"wp:term":[{"taxonomy":"product_brand","embeddable":true,"href":"https:\/\/www.breesnewworld.nl\/de\/wp-json\/wp\/v2\/product_brand?post=11416"},{"taxonomy":"product_cat","embeddable":true,"href":"https:\/\/www.breesnewworld.nl\/de\/wp-json\/wp\/v2\/product_cat?post=11416"},{"taxonomy":"product_tag","embeddable":true,"href":"https:\/\/www.breesnewworld.nl\/de\/wp-json\/wp\/v2\/product_tag?post=11416"}],"curies":[{"name":"wp","href":"https:\/\/api.w.org\/{rel}","templated":true}]}}