{"id":11417,"date":"2025-03-29T18:42:07","date_gmt":"2025-03-29T17:42:07","guid":{"rendered":"https:\/\/www.breesnewworld.nl\/?post_type=product&#038;p=11417"},"modified":"2026-04-05T16:33:35","modified_gmt":"2026-04-05T14:33:35","slug":"trapea-xl-salontafel","status":"publish","type":"product","link":"https:\/\/www.breesnewworld.nl\/de\/sammlung\/salontafels-en-bijzettafels\/trapea-xl-salontafel\/","title":{"rendered":"Trapea XL Couchtisch"},"content":{"rendered":"","protected":false},"excerpt":{"rendered":"Trapea: die neue Couch- und Beistelltisch-Familie von Bree&#039;s New World, die sich wie Twinny, Cloudy und Choq dank unterschiedlicher Plattengr\u00f6\u00dfen und -formen, Materialoptionen und Gestellh\u00f6hen vielf\u00e4ltig kombinieren l\u00e4sst. Der Trapea XL ist der gr\u00f6\u00dfte Couchtisch der Serie und l\u00e4sst sich perfekt mit dem <a href=\"https:\/\/www.breesnewworld.nl\/de\/sammlung\/salontafels-en-bijzettafels\/trapea-top-salontafels\/\">Trapea Top High<\/a>, womit Sie diesen gro\u00dfen Couchtisch \u201eabrunden\u201c k\u00f6nnen. Die asymmetrischen, trapezf\u00f6rmigen Tischplatten verleihen dieser Couch- und Beistelltischfamilie eine dynamische, energiegeladene Optik. Die einheitlichen Metallf\u00fc\u00dfe runden die \u00c4sthetik des Tisches ab. Mit verschiedenen Metallrahmenfarben und Dutzenden von HPL-, Fenix-, Keramik- und Massivholzoberfl\u00e4chen f\u00fcr die Tischplatten k\u00f6nnen Sie die Trapea-Tische problemlos an Ihren bevorzugten Einrichtungsstil anpassen.\r\n\r\n&nbsp;","protected":false},"featured_media":11736,"template":"","meta":{"_acf_changed":false},"product_brand":[],"product_cat":[77,105],"product_tag":[],"class_list":{"0":"post-11417","1":"product","2":"type-product","3":"status-publish","4":"has-post-thumbnail","6":"product_cat-salontafels-en-bijzettafels","7":"product_cat-tafel-bij-bank","9":"first","10":"instock","11":"taxable","12":"shipping-taxable","13":"product-type-simple"},"exclude_global_add_ons":[],"addons":[],"acf":[],"yoast_head":null,"yoast_head_json":null,"_links":{"self":[{"href":"https:\/\/www.breesnewworld.nl\/de\/wp-json\/wp\/v2\/product\/11417","targetHints":{"allow":["GET"]}}],"collection":[{"href":"https:\/\/www.breesnewworld.nl\/de\/wp-json\/wp\/v2\/product"}],"about":[{"href":"https:\/\/www.breesnewworld.nl\/de\/wp-json\/wp\/v2\/types\/product"}],"wp:featuredmedia":[{"embeddable":true,"href":"https:\/\/www.breesnewworld.nl\/de\/wp-json\/wp\/v2\/media\/11736"}],"wp:attachment":[{"href":"https:\/\/www.breesnewworld.nl\/de\/wp-json\/wp\/v2\/media?parent=11417"}],"wp:term":[{"taxonomy":"product_brand","embeddable":true,"href":"https:\/\/www.breesnewworld.nl\/de\/wp-json\/wp\/v2\/product_brand?post=11417"},{"taxonomy":"product_cat","embeddable":true,"href":"https:\/\/www.breesnewworld.nl\/de\/wp-json\/wp\/v2\/product_cat?post=11417"},{"taxonomy":"product_tag","embeddable":true,"href":"https:\/\/www.breesnewworld.nl\/de\/wp-json\/wp\/v2\/product_tag?post=11417"}],"curies":[{"name":"wp","href":"https:\/\/api.w.org\/{rel}","templated":true}]}}