{"id":11432,"date":"2025-03-29T19:22:42","date_gmt":"2025-03-29T18:22:42","guid":{"rendered":"https:\/\/www.breesnewworld.nl\/?post_type=product&#038;p=11432"},"modified":"2026-04-05T16:32:45","modified_gmt":"2026-04-05T14:32:45","slug":"trapea-banktafel","status":"publish","type":"product","link":"https:\/\/www.breesnewworld.nl\/de\/sammlung\/salontafels-en-bijzettafels\/trapea-banktafel\/","title":{"rendered":"Trapea Banktisch"},"content":{"rendered":"","protected":false},"excerpt":{"rendered":"Trapea: die neue Couch- und Beistelltischfamilie von Bree&#039;s New World, die sich wie Twinny, Cloudy und Choq dank verschiedener Plattengr\u00f6\u00dfen und -formen, Materialoptionen und H\u00f6henvarianten der Gestelle auf unz\u00e4hlige Arten kombinieren l\u00e4sst. Der Trapea Sofatisch ist nicht nur ein dezenter Sofatisch, der \u00fcber das Sofa geschoben werden kann, sondern auch ein idealer Beistelltisch neben einem Sessel oder Ruhesessel. Die asymmetrischen, trapezf\u00f6rmigen Platten verleihen dieser Couch- und Beistelltischfamilie eine dynamische, energiegeladene Ausstrahlung. Die einheitlichen Metallf\u00fc\u00dfe bringen sowohl den Tisch als auch seine \u00c4sthetik ins Gleichgewicht. Mit verschiedenen Metallrahmenfarben und Dutzenden von HPL-, Fenix-, Keramik- und Massivholzoberfl\u00e4chen f\u00fcr die Platten k\u00f6nnen Sie die Trapea-Tische problemlos an Ihren bevorzugten Einrichtungsstil anpassen.\r\n\r\n&nbsp;","protected":false},"featured_media":11284,"template":"","meta":{"_acf_changed":false},"product_brand":[],"product_cat":[77,105],"product_tag":[],"class_list":{"0":"post-11432","1":"product","2":"type-product","3":"status-publish","4":"has-post-thumbnail","6":"product_cat-salontafels-en-bijzettafels","7":"product_cat-tafel-bij-bank","9":"first","10":"instock","11":"taxable","12":"shipping-taxable","13":"product-type-simple"},"exclude_global_add_ons":[],"addons":[],"acf":[],"yoast_head":null,"yoast_head_json":null,"_links":{"self":[{"href":"https:\/\/www.breesnewworld.nl\/de\/wp-json\/wp\/v2\/product\/11432","targetHints":{"allow":["GET"]}}],"collection":[{"href":"https:\/\/www.breesnewworld.nl\/de\/wp-json\/wp\/v2\/product"}],"about":[{"href":"https:\/\/www.breesnewworld.nl\/de\/wp-json\/wp\/v2\/types\/product"}],"wp:featuredmedia":[{"embeddable":true,"href":"https:\/\/www.breesnewworld.nl\/de\/wp-json\/wp\/v2\/media\/11284"}],"wp:attachment":[{"href":"https:\/\/www.breesnewworld.nl\/de\/wp-json\/wp\/v2\/media?parent=11432"}],"wp:term":[{"taxonomy":"product_brand","embeddable":true,"href":"https:\/\/www.breesnewworld.nl\/de\/wp-json\/wp\/v2\/product_brand?post=11432"},{"taxonomy":"product_cat","embeddable":true,"href":"https:\/\/www.breesnewworld.nl\/de\/wp-json\/wp\/v2\/product_cat?post=11432"},{"taxonomy":"product_tag","embeddable":true,"href":"https:\/\/www.breesnewworld.nl\/de\/wp-json\/wp\/v2\/product_tag?post=11432"}],"curies":[{"name":"wp","href":"https:\/\/api.w.org\/{rel}","templated":true}]}}