{"id":11507,"date":"2025-10-17T14:27:06","date_gmt":"2025-10-17T12:27:06","guid":{"rendered":"https:\/\/www.breesnewworld.nl\/?post_type=product&#038;p=11507"},"modified":"2025-11-15T14:50:31","modified_gmt":"2025-11-15T13:50:31","slug":"eetkamerstoel-kiq-poot-wiel","status":"publish","type":"product","link":"https:\/\/www.breesnewworld.nl\/de\/sammlung\/eetkamerstoelen\/eetkamerstoel-kiq-poot-wiel\/","title":{"rendered":"Esszimmerstuhl Kiq \u2013 Leg Wheel"},"content":{"rendered":"","protected":false},"excerpt":{"rendered":"Die Sitzschale des Esszimmerstuhls Kiq ist wahlweise mit Stoff oder Leder bezogen, wobei eine Kombination aus beidem besonders beliebt ist. Das Gestell ist als Dreh- oder Festfu\u00df, mit oder ohne Rollen, erh\u00e4ltlich. Neben der Ausf\u00fchrung ohne Armlehnen ist der Esszimmerstuhl Kiq auch mit Armlehnen verf\u00fcgbar.","protected":false},"featured_media":9468,"template":"","meta":{"_acf_changed":false},"product_brand":[],"product_cat":[104,64],"product_tag":[],"class_list":{"0":"post-11507","1":"product","2":"type-product","3":"status-publish","4":"has-post-thumbnail","6":"product_cat-draaibare-eetkamerstoelen","7":"product_cat-eetkamerstoelen","9":"first","10":"instock","11":"taxable","12":"shipping-taxable","13":"product-type-simple"},"exclude_global_add_ons":[],"addons":[],"acf":[],"yoast_head":null,"yoast_head_json":null,"_links":{"self":[{"href":"https:\/\/www.breesnewworld.nl\/de\/wp-json\/wp\/v2\/product\/11507","targetHints":{"allow":["GET"]}}],"collection":[{"href":"https:\/\/www.breesnewworld.nl\/de\/wp-json\/wp\/v2\/product"}],"about":[{"href":"https:\/\/www.breesnewworld.nl\/de\/wp-json\/wp\/v2\/types\/product"}],"wp:featuredmedia":[{"embeddable":true,"href":"https:\/\/www.breesnewworld.nl\/de\/wp-json\/wp\/v2\/media\/9468"}],"wp:attachment":[{"href":"https:\/\/www.breesnewworld.nl\/de\/wp-json\/wp\/v2\/media?parent=11507"}],"wp:term":[{"taxonomy":"product_brand","embeddable":true,"href":"https:\/\/www.breesnewworld.nl\/de\/wp-json\/wp\/v2\/product_brand?post=11507"},{"taxonomy":"product_cat","embeddable":true,"href":"https:\/\/www.breesnewworld.nl\/de\/wp-json\/wp\/v2\/product_cat?post=11507"},{"taxonomy":"product_tag","embeddable":true,"href":"https:\/\/www.breesnewworld.nl\/de\/wp-json\/wp\/v2\/product_tag?post=11507"}],"curies":[{"name":"wp","href":"https:\/\/api.w.org\/{rel}","templated":true}]}}