{"id":11511,"date":"2025-10-17T14:54:32","date_gmt":"2025-10-17T12:54:32","guid":{"rendered":"https:\/\/www.breesnewworld.nl\/?post_type=product&#038;p=11511"},"modified":"2025-11-19T09:17:53","modified_gmt":"2025-11-19T08:17:53","slug":"eetkamerstoel-kiq-deluxe-vierpoot","status":"publish","type":"product","link":"https:\/\/www.breesnewworld.nl\/de\/sammlung\/eetkamerstoelen\/eetkamerstoel-kiq-deluxe-vierpoot\/","title":{"rendered":"Kiq Deluxe Esszimmerstuhl \u2013 Vierbein"},"content":{"rendered":"","protected":false},"excerpt":{"rendered":"Die Sitzschale des Esszimmerstuhls Kiq ist in Stoff oder Leder erh\u00e4ltlich. Das Gestell ist wahlweise mit oder ohne Rollen verf\u00fcgbar. Neben der Ausf\u00fchrung ohne Armlehnen ist der Esszimmerstuhl Kiq auch mit Armlehnen erh\u00e4ltlich.","protected":false},"featured_media":11571,"template":"","meta":{"_acf_changed":false},"product_brand":[],"product_cat":[104,64],"product_tag":[],"class_list":{"0":"post-11511","1":"product","2":"type-product","3":"status-publish","4":"has-post-thumbnail","6":"product_cat-draaibare-eetkamerstoelen","7":"product_cat-eetkamerstoelen","9":"first","10":"instock","11":"taxable","12":"shipping-taxable","13":"product-type-simple"},"exclude_global_add_ons":[],"addons":[],"acf":[],"yoast_head":null,"yoast_head_json":null,"_links":{"self":[{"href":"https:\/\/www.breesnewworld.nl\/de\/wp-json\/wp\/v2\/product\/11511","targetHints":{"allow":["GET"]}}],"collection":[{"href":"https:\/\/www.breesnewworld.nl\/de\/wp-json\/wp\/v2\/product"}],"about":[{"href":"https:\/\/www.breesnewworld.nl\/de\/wp-json\/wp\/v2\/types\/product"}],"wp:featuredmedia":[{"embeddable":true,"href":"https:\/\/www.breesnewworld.nl\/de\/wp-json\/wp\/v2\/media\/11571"}],"wp:attachment":[{"href":"https:\/\/www.breesnewworld.nl\/de\/wp-json\/wp\/v2\/media?parent=11511"}],"wp:term":[{"taxonomy":"product_brand","embeddable":true,"href":"https:\/\/www.breesnewworld.nl\/de\/wp-json\/wp\/v2\/product_brand?post=11511"},{"taxonomy":"product_cat","embeddable":true,"href":"https:\/\/www.breesnewworld.nl\/de\/wp-json\/wp\/v2\/product_cat?post=11511"},{"taxonomy":"product_tag","embeddable":true,"href":"https:\/\/www.breesnewworld.nl\/de\/wp-json\/wp\/v2\/product_tag?post=11511"}],"curies":[{"name":"wp","href":"https:\/\/api.w.org\/{rel}","templated":true}]}}