{"id":11513,"date":"2025-10-17T14:58:38","date_gmt":"2025-10-17T12:58:38","guid":{"rendered":"https:\/\/www.breesnewworld.nl\/?post_type=product&#038;p=11513"},"modified":"2025-11-19T09:39:11","modified_gmt":"2025-11-19T08:39:11","slug":"eetkamerstoel-kiq-arm-deluxe-24-vierpoot","status":"publish","type":"product","link":"https:\/\/www.breesnewworld.nl\/de\/sammlung\/eetkamerstoelen\/eetkamerstoel-kiq-arm-deluxe-24-vierpoot\/","title":{"rendered":"Esszimmerstuhl Kiq Arm Deluxe 24 \u2013 Vierbein"},"content":{"rendered":"","protected":false},"excerpt":{"rendered":"Wie das Standard-Kiq-Arm-Gestell ist auch der Kiq Arm Deluxe Arm 24, ein vierbeiniger Esszimmerstuhl, in Anthrazit, eloxiertem Braun, Beige, Wei\u00df und Schwarz erh\u00e4ltlich und steht au\u00dferdem in den Fenix Bloom-Farben zur Auswahl. Der Stuhl ist wahlweise mit einem Bein oder einer Rolle verf\u00fcgbar.","protected":false},"featured_media":11573,"template":"","meta":{"_acf_changed":false},"product_brand":[],"product_cat":[104,64],"product_tag":[],"class_list":{"0":"post-11513","1":"product","2":"type-product","3":"status-publish","4":"has-post-thumbnail","6":"product_cat-draaibare-eetkamerstoelen","7":"product_cat-eetkamerstoelen","9":"first","10":"instock","11":"taxable","12":"shipping-taxable","13":"product-type-simple"},"exclude_global_add_ons":[],"addons":[],"acf":[],"yoast_head":null,"yoast_head_json":null,"_links":{"self":[{"href":"https:\/\/www.breesnewworld.nl\/de\/wp-json\/wp\/v2\/product\/11513","targetHints":{"allow":["GET"]}}],"collection":[{"href":"https:\/\/www.breesnewworld.nl\/de\/wp-json\/wp\/v2\/product"}],"about":[{"href":"https:\/\/www.breesnewworld.nl\/de\/wp-json\/wp\/v2\/types\/product"}],"wp:featuredmedia":[{"embeddable":true,"href":"https:\/\/www.breesnewworld.nl\/de\/wp-json\/wp\/v2\/media\/11573"}],"wp:attachment":[{"href":"https:\/\/www.breesnewworld.nl\/de\/wp-json\/wp\/v2\/media?parent=11513"}],"wp:term":[{"taxonomy":"product_brand","embeddable":true,"href":"https:\/\/www.breesnewworld.nl\/de\/wp-json\/wp\/v2\/product_brand?post=11513"},{"taxonomy":"product_cat","embeddable":true,"href":"https:\/\/www.breesnewworld.nl\/de\/wp-json\/wp\/v2\/product_cat?post=11513"},{"taxonomy":"product_tag","embeddable":true,"href":"https:\/\/www.breesnewworld.nl\/de\/wp-json\/wp\/v2\/product_tag?post=11513"}],"curies":[{"name":"wp","href":"https:\/\/api.w.org\/{rel}","templated":true}]}}