{"id":11526,"date":"2025-10-17T16:56:44","date_gmt":"2025-10-17T14:56:44","guid":{"rendered":"https:\/\/www.breesnewworld.nl\/?post_type=product&#038;p=11526"},"modified":"2025-11-19T11:34:53","modified_gmt":"2025-11-19T10:34:53","slug":"kiq-arm-deluxe-barkruk-hoog","status":"publish","type":"product","link":"https:\/\/www.breesnewworld.nl\/de\/sammlung\/barkrukken\/kiq-arm-deluxe-barkruk-hoog\/","title":{"rendered":"Kiq Arm Deluxe Barhocker hoch"},"content":{"rendered":"","protected":false},"excerpt":{"rendered":"Der Kiq Arm Deluxe Barhocker, erh\u00e4ltlich mit oder ohne Armlehnen, geh\u00f6rt zur Kiq-Kollektion. Er bietet denselben Sitzkomfort wie die Kiq-Esszimmerst\u00fchle. Dieser Barhocker ist ideal f\u00fcr die Bar.","protected":false},"featured_media":11587,"template":"","meta":{"_acf_changed":false},"product_brand":[],"product_cat":[79],"product_tag":[],"class_list":{"0":"post-11526","1":"product","2":"type-product","3":"status-publish","4":"has-post-thumbnail","6":"product_cat-barkrukken","8":"first","9":"instock","10":"taxable","11":"shipping-taxable","12":"product-type-simple"},"exclude_global_add_ons":[],"addons":[],"acf":[],"yoast_head":null,"yoast_head_json":null,"_links":{"self":[{"href":"https:\/\/www.breesnewworld.nl\/de\/wp-json\/wp\/v2\/product\/11526","targetHints":{"allow":["GET"]}}],"collection":[{"href":"https:\/\/www.breesnewworld.nl\/de\/wp-json\/wp\/v2\/product"}],"about":[{"href":"https:\/\/www.breesnewworld.nl\/de\/wp-json\/wp\/v2\/types\/product"}],"wp:featuredmedia":[{"embeddable":true,"href":"https:\/\/www.breesnewworld.nl\/de\/wp-json\/wp\/v2\/media\/11587"}],"wp:attachment":[{"href":"https:\/\/www.breesnewworld.nl\/de\/wp-json\/wp\/v2\/media?parent=11526"}],"wp:term":[{"taxonomy":"product_brand","embeddable":true,"href":"https:\/\/www.breesnewworld.nl\/de\/wp-json\/wp\/v2\/product_brand?post=11526"},{"taxonomy":"product_cat","embeddable":true,"href":"https:\/\/www.breesnewworld.nl\/de\/wp-json\/wp\/v2\/product_cat?post=11526"},{"taxonomy":"product_tag","embeddable":true,"href":"https:\/\/www.breesnewworld.nl\/de\/wp-json\/wp\/v2\/product_tag?post=11526"}],"curies":[{"name":"wp","href":"https:\/\/api.w.org\/{rel}","templated":true}]}}