{"id":11543,"date":"2025-11-05T09:44:40","date_gmt":"2025-11-05T08:44:40","guid":{"rendered":"https:\/\/www.breesnewworld.nl\/?post_type=product&#038;p=11543"},"modified":"2025-11-20T15:04:29","modified_gmt":"2025-11-20T14:04:29","slug":"butterfly-v-barkruk","status":"publish","type":"product","link":"https:\/\/www.breesnewworld.nl\/de\/collectie\/barkrukken\/butterfly-v-barkruk\/","title":{"rendered":"Barhocker Butterfly V"},"content":{"rendered":"","protected":false},"excerpt":{"rendered":"Der Butterfly V ist der h\u00f6henverstellbare, armlose Barhocker aus der Butterfly-Familie. Die weiche, abgerundete Sitzfl\u00e4che bietet hervorragenden Halt, und dank der Gasdruckfeder l\u00e4sst sich die Sitzh\u00f6he m\u00fchelos verstellen. Die 360\u00b0-Drehfunktion erleichtert das Hinsetzen und Aufstehen. Der mattschwarze Scheibenfu\u00df ist stabil, und die geometrische Fu\u00dfst\u00fctze sorgt f\u00fcr entspanntes Sitzen an der K\u00fccheninsel oder am Bartisch. Der hochwertige Stoffbezug f\u00fchlt sich angenehm an und verleiht Ihrem Interieur W\u00e4rme. Der Butterfly V besticht durch die charakteristischen, flie\u00dfenden Linien des Butterfly Arm, wirkt aber leichter und platzsparender. Er ist ideal, wenn Sie einen eleganten und bequemen Barhocker suchen, der sich m\u00fchelos in eine moderne K\u00fcche oder eine gem\u00fctliche Hausbar einf\u00fcgt.","protected":false},"featured_media":11588,"template":"","meta":{"_acf_changed":false},"product_brand":[],"product_cat":[79],"product_tag":[],"class_list":{"0":"post-11543","1":"product","2":"type-product","3":"status-publish","4":"has-post-thumbnail","6":"product_cat-barkrukken","8":"first","9":"instock","10":"taxable","11":"shipping-taxable","12":"product-type-simple"},"exclude_global_add_ons":[],"addons":[],"acf":[],"yoast_head":null,"yoast_head_json":null,"_links":{"self":[{"href":"https:\/\/www.breesnewworld.nl\/de\/wp-json\/wp\/v2\/product\/11543","targetHints":{"allow":["GET"]}}],"collection":[{"href":"https:\/\/www.breesnewworld.nl\/de\/wp-json\/wp\/v2\/product"}],"about":[{"href":"https:\/\/www.breesnewworld.nl\/de\/wp-json\/wp\/v2\/types\/product"}],"wp:featuredmedia":[{"embeddable":true,"href":"https:\/\/www.breesnewworld.nl\/de\/wp-json\/wp\/v2\/media\/11588"}],"wp:attachment":[{"href":"https:\/\/www.breesnewworld.nl\/de\/wp-json\/wp\/v2\/media?parent=11543"}],"wp:term":[{"taxonomy":"product_brand","embeddable":true,"href":"https:\/\/www.breesnewworld.nl\/de\/wp-json\/wp\/v2\/product_brand?post=11543"},{"taxonomy":"product_cat","embeddable":true,"href":"https:\/\/www.breesnewworld.nl\/de\/wp-json\/wp\/v2\/product_cat?post=11543"},{"taxonomy":"product_tag","embeddable":true,"href":"https:\/\/www.breesnewworld.nl\/de\/wp-json\/wp\/v2\/product_tag?post=11543"}],"curies":[{"name":"wp","href":"https:\/\/api.w.org\/{rel}","templated":true}]}}