{"id":11544,"date":"2025-11-05T09:51:49","date_gmt":"2025-11-05T08:51:49","guid":{"rendered":"https:\/\/www.breesnewworld.nl\/?post_type=product&#038;p=11544"},"modified":"2025-11-20T15:06:04","modified_gmt":"2025-11-20T14:06:04","slug":"butterfly-arm-v-barkruk","status":"publish","type":"product","link":"https:\/\/www.breesnewworld.nl\/de\/collectie\/barkrukken\/butterfly-arm-v-barkruk\/","title":{"rendered":"Barhocker mit Schmetterlingsarmlehne und V-Form"},"content":{"rendered":"","protected":false},"excerpt":{"rendered":"Der Barhocker Butterfly Arm V l\u00e4dt zum Verweilen ein und l\u00e4sst Sie lange nicht mehr aufstehen. Die weiche Sitzschale mit hochklappbaren Armlehnen bietet sofortigen Komfort, w\u00e4hrend die Gasdruckfeder eine schnelle H\u00f6henverstellung erm\u00f6glicht. Er ist leichtg\u00e4ngig drehbar und eignet sich perfekt f\u00fcr K\u00fccheninseln oder Bartische. Der grob gewebte Stoff sorgt f\u00fcr W\u00e4rme und Struktur, und der stabile Scheibenfu\u00df mit angewinkelter Fu\u00dfst\u00fctze garantiert sicheren Stand. Ideal f\u00fcr lange Abende mit netten Gespr\u00e4chen und Drinks \u2013 der Barhocker passt sowohl in eine moderne K\u00fcche als auch an eine gem\u00fctliche Hausbar. Erh\u00e4ltlich in verschiedenen Stoffen und Ausf\u00fchrungen.","protected":false},"featured_media":11589,"template":"","meta":{"_acf_changed":false},"product_brand":[],"product_cat":[79],"product_tag":[],"class_list":{"0":"post-11544","1":"product","2":"type-product","3":"status-publish","4":"has-post-thumbnail","6":"product_cat-barkrukken","8":"first","9":"instock","10":"taxable","11":"shipping-taxable","12":"product-type-simple"},"exclude_global_add_ons":[],"addons":[],"acf":[],"yoast_head":null,"yoast_head_json":null,"_links":{"self":[{"href":"https:\/\/www.breesnewworld.nl\/de\/wp-json\/wp\/v2\/product\/11544","targetHints":{"allow":["GET"]}}],"collection":[{"href":"https:\/\/www.breesnewworld.nl\/de\/wp-json\/wp\/v2\/product"}],"about":[{"href":"https:\/\/www.breesnewworld.nl\/de\/wp-json\/wp\/v2\/types\/product"}],"wp:featuredmedia":[{"embeddable":true,"href":"https:\/\/www.breesnewworld.nl\/de\/wp-json\/wp\/v2\/media\/11589"}],"wp:attachment":[{"href":"https:\/\/www.breesnewworld.nl\/de\/wp-json\/wp\/v2\/media?parent=11544"}],"wp:term":[{"taxonomy":"product_brand","embeddable":true,"href":"https:\/\/www.breesnewworld.nl\/de\/wp-json\/wp\/v2\/product_brand?post=11544"},{"taxonomy":"product_cat","embeddable":true,"href":"https:\/\/www.breesnewworld.nl\/de\/wp-json\/wp\/v2\/product_cat?post=11544"},{"taxonomy":"product_tag","embeddable":true,"href":"https:\/\/www.breesnewworld.nl\/de\/wp-json\/wp\/v2\/product_tag?post=11544"}],"curies":[{"name":"wp","href":"https:\/\/api.w.org\/{rel}","templated":true}]}}