{"id":11546,"date":"2025-11-05T10:24:03","date_gmt":"2025-11-05T09:24:03","guid":{"rendered":"https:\/\/www.breesnewworld.nl\/?post_type=product&#038;p=11546"},"modified":"2025-11-20T14:01:58","modified_gmt":"2025-11-20T13:01:58","slug":"rikki-v-barkruk","status":"publish","type":"product","link":"https:\/\/www.breesnewworld.nl\/de\/collectie\/barkrukken\/rikki-v-barkruk\/","title":{"rendered":"Rikki V Barhocker"},"content":{"rendered":"","protected":false},"excerpt":{"rendered":"Der Rikki V ist ein moderner, h\u00f6henverstellbarer Barhocker ohne Armlehnen mit einer stabilen, st\u00fctzenden R\u00fcckenlehne. Dank Gasdruckfeder l\u00e4sst sich die Sitzh\u00f6he optimal an Ihre K\u00fccheninsel oder Ihren Bartisch anpassen, und die feste Fu\u00dfst\u00fctze sorgt f\u00fcr entspanntes Sitzen, auch wenn Sie l\u00e4nger verweilen. Der schlanke Sitz wirkt elegant und ist gleichzeitig komfortabel \u2013 genau das Richtige f\u00fcr eine lebhafte K\u00fcche oder Hausbar. Sie k\u00f6nnen den Rikki V ganz nach Ihren W\u00fcnschen gestalten: W\u00e4hlen Sie Stoff, Leder oder eine Stoffkombination und die Farbe, die am besten zu Ihrer Einrichtung passt. Das Gestell ist aus Edelstahl oder mit einem strapazierf\u00e4higen Epoxidlack versehen, sodass der Barhocker nicht nur gut aussieht, sondern auch langlebig ist. Kurz gesagt: Der Rikki V vereint ein frisches Design mit hohem Sitzkomfort und der praktischen H\u00f6henverstellung.","protected":false},"featured_media":11591,"template":"","meta":{"_acf_changed":false},"product_brand":[],"product_cat":[79],"product_tag":[],"class_list":{"0":"post-11546","1":"product","2":"type-product","3":"status-publish","4":"has-post-thumbnail","6":"product_cat-barkrukken","8":"first","9":"instock","10":"taxable","11":"shipping-taxable","12":"product-type-simple"},"exclude_global_add_ons":[],"addons":[],"acf":[],"yoast_head":null,"yoast_head_json":null,"_links":{"self":[{"href":"https:\/\/www.breesnewworld.nl\/de\/wp-json\/wp\/v2\/product\/11546","targetHints":{"allow":["GET"]}}],"collection":[{"href":"https:\/\/www.breesnewworld.nl\/de\/wp-json\/wp\/v2\/product"}],"about":[{"href":"https:\/\/www.breesnewworld.nl\/de\/wp-json\/wp\/v2\/types\/product"}],"wp:featuredmedia":[{"embeddable":true,"href":"https:\/\/www.breesnewworld.nl\/de\/wp-json\/wp\/v2\/media\/11591"}],"wp:attachment":[{"href":"https:\/\/www.breesnewworld.nl\/de\/wp-json\/wp\/v2\/media?parent=11546"}],"wp:term":[{"taxonomy":"product_brand","embeddable":true,"href":"https:\/\/www.breesnewworld.nl\/de\/wp-json\/wp\/v2\/product_brand?post=11546"},{"taxonomy":"product_cat","embeddable":true,"href":"https:\/\/www.breesnewworld.nl\/de\/wp-json\/wp\/v2\/product_cat?post=11546"},{"taxonomy":"product_tag","embeddable":true,"href":"https:\/\/www.breesnewworld.nl\/de\/wp-json\/wp\/v2\/product_tag?post=11546"}],"curies":[{"name":"wp","href":"https:\/\/api.w.org\/{rel}","templated":true}]}}