{"id":11548,"date":"2025-11-05T10:31:18","date_gmt":"2025-11-05T09:31:18","guid":{"rendered":"https:\/\/www.breesnewworld.nl\/?post_type=product&#038;p=11548"},"modified":"2026-01-09T13:42:20","modified_gmt":"2026-01-09T12:42:20","slug":"kiq-arm-v-barkruk","status":"publish","type":"product","link":"https:\/\/www.breesnewworld.nl\/de\/collectie\/barkrukken\/kiq-arm-v-barkruk\/","title":{"rendered":"Kiq Arm V Barhocker"},"content":{"rendered":"","protected":false},"excerpt":{"rendered":"Der Kiq Arm V ist ein h\u00f6henverstellbarer Barhocker mit bequemem Schalensitz und eleganten Armlehnen, inspiriert von unserem beliebten Modell. <a href=\"https:\/\/www.breesnewworld.nl\/de\/sammlung\/eetkamerstoelen\/eetkamerstoel-kiq-arm-deluxe-24-vierpoot\/\">Esszimmerstuhl Kiq<\/a>Die Gasdruckfeder erm\u00f6glicht eine stufenlose H\u00f6henverstellung und macht den Barhocker somit ideal f\u00fcr K\u00fccheninseln oder hohe Bartische. Dank der Drehfunktion ist der Einstieg besonders komfortabel, w\u00e4hrend der mattschwarze Scheibenfu\u00df mit stabiler Fu\u00dfst\u00fctze f\u00fcr sicheren Stand und eine elegante Optik sorgt. Der weiche Melange-Stoff verleiht Ihrem Interieur W\u00e4rme und bietet hohen Sitzkomfort \u2013 perfekt f\u00fcr l\u00e4ngere Momente an der Bar. Erh\u00e4ltlich in verschiedenen Stoffen und Ausf\u00fchrungen, f\u00fcgt sich der Kiq Arm V nahtlos in moderne K\u00fcchen und gem\u00fctliche Hausbars ein. Kurz gesagt: ein stilvoller Allrounder mit dem gewohnten Komfort der Kiq-Linie.","protected":false},"featured_media":11593,"template":"","meta":{"_acf_changed":false},"product_brand":[],"product_cat":[79],"product_tag":[],"class_list":{"0":"post-11548","1":"product","2":"type-product","3":"status-publish","4":"has-post-thumbnail","6":"product_cat-barkrukken","8":"first","9":"instock","10":"taxable","11":"shipping-taxable","12":"product-type-simple"},"exclude_global_add_ons":[],"addons":[],"acf":[],"yoast_head":null,"yoast_head_json":null,"_links":{"self":[{"href":"https:\/\/www.breesnewworld.nl\/de\/wp-json\/wp\/v2\/product\/11548","targetHints":{"allow":["GET"]}}],"collection":[{"href":"https:\/\/www.breesnewworld.nl\/de\/wp-json\/wp\/v2\/product"}],"about":[{"href":"https:\/\/www.breesnewworld.nl\/de\/wp-json\/wp\/v2\/types\/product"}],"wp:featuredmedia":[{"embeddable":true,"href":"https:\/\/www.breesnewworld.nl\/de\/wp-json\/wp\/v2\/media\/11593"}],"wp:attachment":[{"href":"https:\/\/www.breesnewworld.nl\/de\/wp-json\/wp\/v2\/media?parent=11548"}],"wp:term":[{"taxonomy":"product_brand","embeddable":true,"href":"https:\/\/www.breesnewworld.nl\/de\/wp-json\/wp\/v2\/product_brand?post=11548"},{"taxonomy":"product_cat","embeddable":true,"href":"https:\/\/www.breesnewworld.nl\/de\/wp-json\/wp\/v2\/product_cat?post=11548"},{"taxonomy":"product_tag","embeddable":true,"href":"https:\/\/www.breesnewworld.nl\/de\/wp-json\/wp\/v2\/product_tag?post=11548"}],"curies":[{"name":"wp","href":"https:\/\/api.w.org\/{rel}","templated":true}]}}