{"id":11550,"date":"2025-11-05T10:38:46","date_gmt":"2025-11-05T09:38:46","guid":{"rendered":"https:\/\/www.breesnewworld.nl\/?post_type=product&#038;p=11550"},"modified":"2025-11-20T15:09:22","modified_gmt":"2025-11-20T14:09:22","slug":"kiq-deluxe-v-barkruk","status":"publish","type":"product","link":"https:\/\/www.breesnewworld.nl\/de\/collectie\/barkrukken\/kiq-deluxe-v-barkruk\/","title":{"rendered":"Kiq Deluxe V Barhocker"},"content":{"rendered":"","protected":false},"excerpt":{"rendered":"Der Kiq Deluxe V ist ein moderner, h\u00f6henverstellbarer Barhocker von Bree&#039;s New World, der h\u00f6chsten Sitzkomfort bietet. Dieser Stuhl ist eine Variante des Kiq Arm Deluxe. Dank der Gasdruckfeder l\u00e4sst sich die H\u00f6he optimal an Ihre K\u00fccheninsel oder Ihren Bartisch anpassen, w\u00e4hrend die Fu\u00dfst\u00fctze f\u00fcr entspanntes Sitzen sorgt. Sie haben die Wahl zwischen Stoff- oder Lederbezug, dezent oder in einer kr\u00e4ftigen Farbe. Das Gestell ist mit robustem Epoxidharz in Ihrer Wunschfarbe, wie z. B. eloxiertem Braun, Anthrazit, Beige, Wei\u00df oder Schwarz, beschichtet. So f\u00fcgt sich der Kiq Deluxe V harmonisch in Ihre Einrichtung ein und bietet Ihnen einen eleganten und bequemen Barhocker f\u00fcr jeden Tag.","protected":false},"featured_media":11596,"template":"","meta":{"_acf_changed":false},"product_brand":[],"product_cat":[79],"product_tag":[],"class_list":{"0":"post-11550","1":"product","2":"type-product","3":"status-publish","4":"has-post-thumbnail","6":"product_cat-barkrukken","8":"first","9":"instock","10":"taxable","11":"shipping-taxable","12":"product-type-simple"},"exclude_global_add_ons":[],"addons":[],"acf":[],"yoast_head":null,"yoast_head_json":null,"_links":{"self":[{"href":"https:\/\/www.breesnewworld.nl\/de\/wp-json\/wp\/v2\/product\/11550","targetHints":{"allow":["GET"]}}],"collection":[{"href":"https:\/\/www.breesnewworld.nl\/de\/wp-json\/wp\/v2\/product"}],"about":[{"href":"https:\/\/www.breesnewworld.nl\/de\/wp-json\/wp\/v2\/types\/product"}],"wp:featuredmedia":[{"embeddable":true,"href":"https:\/\/www.breesnewworld.nl\/de\/wp-json\/wp\/v2\/media\/11596"}],"wp:attachment":[{"href":"https:\/\/www.breesnewworld.nl\/de\/wp-json\/wp\/v2\/media?parent=11550"}],"wp:term":[{"taxonomy":"product_brand","embeddable":true,"href":"https:\/\/www.breesnewworld.nl\/de\/wp-json\/wp\/v2\/product_brand?post=11550"},{"taxonomy":"product_cat","embeddable":true,"href":"https:\/\/www.breesnewworld.nl\/de\/wp-json\/wp\/v2\/product_cat?post=11550"},{"taxonomy":"product_tag","embeddable":true,"href":"https:\/\/www.breesnewworld.nl\/de\/wp-json\/wp\/v2\/product_tag?post=11550"}],"curies":[{"name":"wp","href":"https:\/\/api.w.org\/{rel}","templated":true}]}}