{"id":11551,"date":"2025-11-05T10:43:05","date_gmt":"2025-11-05T09:43:05","guid":{"rendered":"https:\/\/www.breesnewworld.nl\/?post_type=product&#038;p=11551"},"modified":"2025-11-20T13:53:23","modified_gmt":"2025-11-20T12:53:23","slug":"quby-v-barkruk","status":"publish","type":"product","link":"https:\/\/www.breesnewworld.nl\/de\/sammlung\/barkrukken\/quby-v-barkruk\/","title":{"rendered":"Quby V Barhocker"},"content":{"rendered":"","protected":false},"excerpt":{"rendered":"Der Quby V ist ein moderner, h\u00f6henverstellbarer Barhocker mit einem eleganten, zeitgem\u00e4\u00dfen Design. Dank der Gasdruckfeder l\u00e4sst sich die Sitzh\u00f6he mit einem Handgriff an K\u00fccheninseln oder Bartischen verstellen, w\u00e4hrend die feste Fu\u00dfst\u00fctze f\u00fcr entspanntes Sitzen sorgt. Der bequeme Sitz besticht durch sein frisches Aussehen dank der klaren Linien, die dem Quby seinen unverwechselbaren Charakter verleihen. Sie k\u00f6nnen ihn ganz nach Ihren W\u00fcnschen mit Stoff- oder Lederbezug und einer Farbe, die zu Ihrer Einrichtung passt, individuell gestalten. Das robuste und stabile Gestell ist in Edelstahl oder einer widerstandsf\u00e4higen Epoxidharz-Beschichtung in Farben wie Schwarz, Anthrazit, Wei\u00df, Beige oder eloxiertem Braun erh\u00e4ltlich. Der Quby V vereint Komfort f\u00fcr den Alltag mit einem eleganten Design, das sowohl in modernen K\u00fcchen als auch in gem\u00fctlichen Hausbars eine gute Figur macht. Der Quby V bietet denselben Komfort wie der <a href=\"https:\/\/www.breesnewworld.nl\/de\/sammlung\/eetkamerstoelen\/esszimmerstuhl-quby\/\">Esszimmerstuhl Quby!<\/a>","protected":false},"featured_media":11597,"template":"","meta":{"_acf_changed":false},"product_brand":[],"product_cat":[79],"product_tag":[],"class_list":{"0":"post-11551","1":"product","2":"type-product","3":"status-publish","4":"has-post-thumbnail","6":"product_cat-barkrukken","8":"first","9":"instock","10":"taxable","11":"shipping-taxable","12":"product-type-simple"},"exclude_global_add_ons":[],"addons":[],"acf":[],"yoast_head":null,"yoast_head_json":null,"_links":{"self":[{"href":"https:\/\/www.breesnewworld.nl\/de\/wp-json\/wp\/v2\/product\/11551","targetHints":{"allow":["GET"]}}],"collection":[{"href":"https:\/\/www.breesnewworld.nl\/de\/wp-json\/wp\/v2\/product"}],"about":[{"href":"https:\/\/www.breesnewworld.nl\/de\/wp-json\/wp\/v2\/types\/product"}],"wp:featuredmedia":[{"embeddable":true,"href":"https:\/\/www.breesnewworld.nl\/de\/wp-json\/wp\/v2\/media\/11597"}],"wp:attachment":[{"href":"https:\/\/www.breesnewworld.nl\/de\/wp-json\/wp\/v2\/media?parent=11551"}],"wp:term":[{"taxonomy":"product_brand","embeddable":true,"href":"https:\/\/www.breesnewworld.nl\/de\/wp-json\/wp\/v2\/product_brand?post=11551"},{"taxonomy":"product_cat","embeddable":true,"href":"https:\/\/www.breesnewworld.nl\/de\/wp-json\/wp\/v2\/product_cat?post=11551"},{"taxonomy":"product_tag","embeddable":true,"href":"https:\/\/www.breesnewworld.nl\/de\/wp-json\/wp\/v2\/product_tag?post=11551"}],"curies":[{"name":"wp","href":"https:\/\/api.w.org\/{rel}","templated":true}]}}