{"id":11557,"date":"2025-11-05T11:40:48","date_gmt":"2025-11-05T10:40:48","guid":{"rendered":"https:\/\/www.breesnewworld.nl\/?post_type=product&#038;p=11557"},"modified":"2025-11-22T10:06:21","modified_gmt":"2025-11-22T09:06:21","slug":"oscar-eettafel-deens-ovaal","status":"publish","type":"product","link":"https:\/\/www.breesnewworld.nl\/de\/collectie\/eettafels\/oscar-eettafel-deens-ovaal\/","title":{"rendered":"Oscar \u2013 Esstisch (d\u00e4nisch oval)"},"content":{"rendered":"","protected":false},"excerpt":{"rendered":"Der ovale Esstisch Oscar Danish Oval ist ein Klassiker. Dieses Modell hat sich in der Vergangenheit mit seiner ovalen Form bew\u00e4hrt und ist sogar zu einem beliebten \u201eTalkshow-Tisch\u201c geworden. Wie unsere anderen Gestelle ist das Metall in den Farben eloxiertes Braun, Anthrazit, Beige, Wei\u00df und Schwarz sowie in Fenix Bloom erh\u00e4ltlich. Auch die Tischplatten sind in einer gro\u00dfen Auswahl verf\u00fcgbar. Wer einen Tisch sucht, der alle Blicke auf sich zieht, sollte den ovalen Esstisch Oscar Danish Oval in Betracht ziehen.","protected":false},"featured_media":11606,"template":"","meta":{"_acf_changed":false},"product_brand":[],"product_cat":[73],"product_tag":[],"class_list":{"0":"post-11557","1":"product","2":"type-product","3":"status-publish","4":"has-post-thumbnail","6":"product_cat-eettafels","8":"first","9":"instock","10":"taxable","11":"shipping-taxable","12":"product-type-simple"},"exclude_global_add_ons":[],"addons":[],"acf":[],"yoast_head":null,"yoast_head_json":null,"_links":{"self":[{"href":"https:\/\/www.breesnewworld.nl\/de\/wp-json\/wp\/v2\/product\/11557","targetHints":{"allow":["GET"]}}],"collection":[{"href":"https:\/\/www.breesnewworld.nl\/de\/wp-json\/wp\/v2\/product"}],"about":[{"href":"https:\/\/www.breesnewworld.nl\/de\/wp-json\/wp\/v2\/types\/product"}],"wp:featuredmedia":[{"embeddable":true,"href":"https:\/\/www.breesnewworld.nl\/de\/wp-json\/wp\/v2\/media\/11606"}],"wp:attachment":[{"href":"https:\/\/www.breesnewworld.nl\/de\/wp-json\/wp\/v2\/media?parent=11557"}],"wp:term":[{"taxonomy":"product_brand","embeddable":true,"href":"https:\/\/www.breesnewworld.nl\/de\/wp-json\/wp\/v2\/product_brand?post=11557"},{"taxonomy":"product_cat","embeddable":true,"href":"https:\/\/www.breesnewworld.nl\/de\/wp-json\/wp\/v2\/product_cat?post=11557"},{"taxonomy":"product_tag","embeddable":true,"href":"https:\/\/www.breesnewworld.nl\/de\/wp-json\/wp\/v2\/product_tag?post=11557"}],"curies":[{"name":"wp","href":"https:\/\/api.w.org\/{rel}","templated":true}]}}