{"id":11702,"date":"2026-04-05T15:20:53","date_gmt":"2026-04-05T13:20:53","guid":{"rendered":"https:\/\/www.breesnewworld.nl\/?post_type=product&#038;p=11702"},"modified":"2026-04-05T15:33:56","modified_gmt":"2026-04-05T13:33:56","slug":"cloudy-top-salontafels-fenix-bloom","status":"publish","type":"product","link":"https:\/\/www.breesnewworld.nl\/de\/sammlung\/salontafels-en-bijzettafels\/cloudy-top-salontafels-fenix-bloom\/","title":{"rendered":"Cloudy Top salontafels FenixNTM Bloom\u00ae"},"content":{"rendered":"","protected":false},"excerpt":{"rendered":"Nach der Einf\u00fchrung der Cloudy-Couchtische ist die \u201eFamilie\u201c der Cloudy-Couchtische und Beistelltische mittlerweile recht umfangreich geworden, genau wie die des Twinny. Mit den Cloudy Top Couchtischen erhalten Sie ein h\u00fcbsches Couchtisch-Set, das nicht zu viel Platz einnimmt. K\u00f6nnte der Platz vor Ihrem Sofa etwas mehr Polsterung vertragen? Das Cloudy Top eignet sich auch sehr gut zum Aufh\u00e4ngen \u00fcber einem der <a href=\"https:\/\/www.breesnewworld.nl\/de\/sammlung\/salontafels-en-bijzettafels\/trub-hpl-plastica\/\">Cloudy Couchtische<\/a> te schuiven. Daarnaast kunt u de Cloudy Top ook prima als losse bijzettafel laten fungeren, bijvoorbeeld naast een fauteuil. In de Fenix Bloomkleuren sluiten de Cloudy Top salontafels bovendien perfect aan bij de kleurrijke woonkamer. Ontwerper: Peter Schreuder Goedheijt.","protected":false},"featured_media":11696,"template":"","meta":{"_acf_changed":false},"product_brand":[],"product_cat":[77,105],"product_tag":[],"class_list":{"0":"post-11702","1":"product","2":"type-product","3":"status-publish","4":"has-post-thumbnail","6":"product_cat-salontafels-en-bijzettafels","7":"product_cat-tafel-bij-bank","9":"first","10":"instock","11":"taxable","12":"shipping-taxable","13":"product-type-simple"},"exclude_global_add_ons":[],"addons":[],"acf":[],"yoast_head":null,"yoast_head_json":null,"_links":{"self":[{"href":"https:\/\/www.breesnewworld.nl\/de\/wp-json\/wp\/v2\/product\/11702","targetHints":{"allow":["GET"]}}],"collection":[{"href":"https:\/\/www.breesnewworld.nl\/de\/wp-json\/wp\/v2\/product"}],"about":[{"href":"https:\/\/www.breesnewworld.nl\/de\/wp-json\/wp\/v2\/types\/product"}],"wp:featuredmedia":[{"embeddable":true,"href":"https:\/\/www.breesnewworld.nl\/de\/wp-json\/wp\/v2\/media\/11696"}],"wp:attachment":[{"href":"https:\/\/www.breesnewworld.nl\/de\/wp-json\/wp\/v2\/media?parent=11702"}],"wp:term":[{"taxonomy":"product_brand","embeddable":true,"href":"https:\/\/www.breesnewworld.nl\/de\/wp-json\/wp\/v2\/product_brand?post=11702"},{"taxonomy":"product_cat","embeddable":true,"href":"https:\/\/www.breesnewworld.nl\/de\/wp-json\/wp\/v2\/product_cat?post=11702"},{"taxonomy":"product_tag","embeddable":true,"href":"https:\/\/www.breesnewworld.nl\/de\/wp-json\/wp\/v2\/product_tag?post=11702"}],"curies":[{"name":"wp","href":"https:\/\/api.w.org\/{rel}","templated":true}]}}