{"id":11703,"date":"2026-04-05T15:37:43","date_gmt":"2026-04-05T13:37:43","guid":{"rendered":"https:\/\/www.breesnewworld.nl\/?post_type=product&#038;p=11703"},"modified":"2026-04-05T15:50:10","modified_gmt":"2026-04-05T13:50:10","slug":"twinny-salontafels-combineren","status":"publish","type":"product","link":"https:\/\/www.breesnewworld.nl\/de\/sammlung\/salontafels-en-bijzettafels\/twinny-salontafels-combineren\/","title":{"rendered":"Twinny salontafels &#8211; Combinaties"},"content":{"rendered":"","protected":false},"excerpt":{"rendered":"De Twinny salontafels van Bree&#8217;s New World kenmerken zich door hun organische design en veelzijdigheid. Dankzij de ruime keuze aan moderne materialen stel je moeiteloos een Twinny salontafelset samen die perfect aansluit bij jouw interieurstijl. Combineer erop los met HPL, Fenix, houtfineer, massief hout of het sterke en elegante Ceramistone.\r\nOf je nu houdt van Japandi, Scandinavisch, modern of landelijk, of juist kiest voor een uitgesproken en kleurrijk interieur\u2014alles is mogelijk. Naast hun speelse uitstraling zijn ze ook bijzonder praktisch: stabiel, kindvriendelijk en eenvoudig te verplaatsen.\r\n\r\nDe salontafels Twinny hebben net als de eetkamertafel <a href=\"https:\/\/www.breesnewworld.nl\/de\/sammlung\/eettafels\/stahlerner-eiformiger-esstisch\/\">Steely<\/a> Eine organische, v\u00f6llig asymmetrische Platte, die sich sehr gut mit diesem Design-Esstisch kombinieren l\u00e4sst. Die Twinny&#039;s sind nicht nur als Set erh\u00e4ltlich, sondern auch als separater Couchtisch. Nach der Einf\u00fchrung des Couchtischsets im Jahr 2018 hat sich die &#039;Twinny-Familie&#039; nun erheblich erweitert, sowohl in Bezug auf Materialien als auch in Bezug auf die Art der Tische. Die New World-Kollektion von Bree enth\u00e4lt jetzt auch ein Set <a href=\"https:\/\/www.breesnewworld.nl\/de\/sammlung\/salontafels-en-bijzettafels\/twinny-top-couchtisch\/\">Beistelltische<\/a>, <a href=\"https:\/\/www.breesnewworld.nl\/de\/sammlung\/salontafels-en-bijzettafels\/twinny-sofatisch\/\">Bank Tisch<\/a>, <a href=\"https:\/\/www.breesnewworld.nl\/de\/sammlung\/salontafels-en-bijzettafels\/twinny-top-couchtisch\/\">XL Couchtisch<\/a> mit Zeitungsfach <a href=\"https:\/\/www.breesnewworld.nl\/de\/sammlung\/salontafels-en-bijzettafels\/twinny-schreibtisch\/\">Schreibtisch<\/a> und einen  kleinen aber etwas h\u00f6heren Couchtisch Twinny (<a href=\"https:\/\/www.breesnewworld.nl\/de\/salontafels-en-bijzettafels\/\">Twinny Top<\/a>). Designer: Peter Schreuder Goedheijt.\r\n\r\n&nbsp;","protected":false},"featured_media":11689,"template":"","meta":{"_acf_changed":false},"product_brand":[],"product_cat":[77,105],"product_tag":[],"class_list":{"0":"post-11703","1":"product","2":"type-product","3":"status-publish","4":"has-post-thumbnail","6":"product_cat-salontafels-en-bijzettafels","7":"product_cat-tafel-bij-bank","9":"first","10":"instock","11":"taxable","12":"shipping-taxable","13":"product-type-simple"},"exclude_global_add_ons":[],"addons":[],"acf":[],"yoast_head":null,"yoast_head_json":null,"_links":{"self":[{"href":"https:\/\/www.breesnewworld.nl\/de\/wp-json\/wp\/v2\/product\/11703","targetHints":{"allow":["GET"]}}],"collection":[{"href":"https:\/\/www.breesnewworld.nl\/de\/wp-json\/wp\/v2\/product"}],"about":[{"href":"https:\/\/www.breesnewworld.nl\/de\/wp-json\/wp\/v2\/types\/product"}],"wp:featuredmedia":[{"embeddable":true,"href":"https:\/\/www.breesnewworld.nl\/de\/wp-json\/wp\/v2\/media\/11689"}],"wp:attachment":[{"href":"https:\/\/www.breesnewworld.nl\/de\/wp-json\/wp\/v2\/media?parent=11703"}],"wp:term":[{"taxonomy":"product_brand","embeddable":true,"href":"https:\/\/www.breesnewworld.nl\/de\/wp-json\/wp\/v2\/product_brand?post=11703"},{"taxonomy":"product_cat","embeddable":true,"href":"https:\/\/www.breesnewworld.nl\/de\/wp-json\/wp\/v2\/product_cat?post=11703"},{"taxonomy":"product_tag","embeddable":true,"href":"https:\/\/www.breesnewworld.nl\/de\/wp-json\/wp\/v2\/product_tag?post=11703"}],"curies":[{"name":"wp","href":"https:\/\/api.w.org\/{rel}","templated":true}]}}