{"id":7875,"date":"2020-07-13T16:12:25","date_gmt":"2020-07-13T14:12:25","guid":{"rendered":"https:\/\/www.breesnewworld.nl\/?post_type=product&#038;p=7875"},"modified":"2025-09-25T21:43:32","modified_gmt":"2025-09-25T19:43:32","slug":"fliegender-arm","status":"publish","type":"product","link":"https:\/\/www.breesnewworld.nl\/de\/sammlung\/eetkamerstoelen\/fliegender-arm\/","title":{"rendered":"Esszimmerstuhl Fly arm"},"content":{"rendered":"","protected":false},"excerpt":{"rendered":"Das Design des Fly Esszimmerstuhls zeichnet sich durch die starke, grafische Linie des Hinterbeins aus. Es springt wie ein Raubtier nach vorne und ist auch Teil des R\u00fcckens. Der Komfort dieses Esszimmerstuhls beruht haupts\u00e4chlich auf der Form der R\u00fcckenlehne, die die Kr\u00fcmmung Ihrer R\u00fcckenlehne umfasst und unterst\u00fctzt. Somit wird die starke Form auch Teil der Stuhlfunktion. Mit dem Fly-Sessel entsteht ein elegantes Detail, da die flie\u00dfende Form der R\u00fcckenlehne der Armlehne elegant parallel zur Seite der R\u00fcckenlehne verl\u00e4uft. Der Esszimmerstuhl Fly ist auch in der Version mit Armlehnen erh\u00e4ltlich <a href=\"https:\/\/www.breesnewworld.nl\/de\/sammlung\/eetkamer-stoelen\/fly-arm-wiel\/\">R\u00e4der<\/a>.","protected":false},"featured_media":7879,"template":"","meta":{"_acf_changed":false},"product_brand":[],"product_cat":[64],"product_tag":[],"class_list":{"0":"post-7875","1":"product","2":"type-product","3":"status-publish","4":"has-post-thumbnail","6":"product_cat-eetkamerstoelen","8":"first","9":"instock","10":"taxable","11":"shipping-taxable","12":"product-type-simple"},"exclude_global_add_ons":[],"addons":[],"acf":[],"yoast_head":null,"yoast_head_json":null,"_links":{"self":[{"href":"https:\/\/www.breesnewworld.nl\/de\/wp-json\/wp\/v2\/product\/7875","targetHints":{"allow":["GET"]}}],"collection":[{"href":"https:\/\/www.breesnewworld.nl\/de\/wp-json\/wp\/v2\/product"}],"about":[{"href":"https:\/\/www.breesnewworld.nl\/de\/wp-json\/wp\/v2\/types\/product"}],"wp:featuredmedia":[{"embeddable":true,"href":"https:\/\/www.breesnewworld.nl\/de\/wp-json\/wp\/v2\/media\/7879"}],"wp:attachment":[{"href":"https:\/\/www.breesnewworld.nl\/de\/wp-json\/wp\/v2\/media?parent=7875"}],"wp:term":[{"taxonomy":"product_brand","embeddable":true,"href":"https:\/\/www.breesnewworld.nl\/de\/wp-json\/wp\/v2\/product_brand?post=7875"},{"taxonomy":"product_cat","embeddable":true,"href":"https:\/\/www.breesnewworld.nl\/de\/wp-json\/wp\/v2\/product_cat?post=7875"},{"taxonomy":"product_tag","embeddable":true,"href":"https:\/\/www.breesnewworld.nl\/de\/wp-json\/wp\/v2\/product_tag?post=7875"}],"curies":[{"name":"wp","href":"https:\/\/api.w.org\/{rel}","templated":true}]}}