{"id":7926,"date":"2020-07-13T16:50:07","date_gmt":"2020-07-13T14:50:07","guid":{"rendered":"https:\/\/www.breesnewworld.nl\/?post_type=product&#038;p=7926"},"modified":"2025-11-22T16:00:25","modified_gmt":"2025-11-22T15:00:25","slug":"lunette","status":"publish","type":"product","link":"https:\/\/www.breesnewworld.nl\/de\/sammlung\/eetkamerstoelen\/lunette\/","title":{"rendered":"Esszimmerstuhl Lunette"},"content":{"rendered":"","protected":false},"excerpt":{"rendered":"Die Lunette aus Bree&#039;s New World oder der Luna Esszimmerstuhl mit gepolsterten Armlehnen. In Bezug auf Sitzkomfort und Aussehen ist es genau das <a href=\"https:\/\/www.breesnewworld.nl\/de\/sammlung\/eetkamer-stoelen\/luna\/\">Luna<\/a>Lediglich der Metallrahmen ragt vorne am Sitz nach oben und bildet so die Armlehnen. Die Lunette wird daher oft mit der Luna kombiniert, beispielsweise wenn man sich zu Hause nicht entscheiden kann, ob man Esszimmerst\u00fchle mit oder ohne Armlehnen w\u00e4hlen m\u00f6chte. Beide sind also erstklassig!","protected":false},"featured_media":7932,"template":"","meta":{"_acf_changed":false},"product_brand":[],"product_cat":[64],"product_tag":[],"class_list":{"0":"post-7926","1":"product","2":"type-product","3":"status-publish","4":"has-post-thumbnail","6":"product_cat-eetkamerstoelen","8":"first","9":"instock","10":"taxable","11":"shipping-taxable","12":"product-type-simple"},"exclude_global_add_ons":[],"addons":[],"acf":[],"yoast_head":null,"yoast_head_json":null,"_links":{"self":[{"href":"https:\/\/www.breesnewworld.nl\/de\/wp-json\/wp\/v2\/product\/7926","targetHints":{"allow":["GET"]}}],"collection":[{"href":"https:\/\/www.breesnewworld.nl\/de\/wp-json\/wp\/v2\/product"}],"about":[{"href":"https:\/\/www.breesnewworld.nl\/de\/wp-json\/wp\/v2\/types\/product"}],"wp:featuredmedia":[{"embeddable":true,"href":"https:\/\/www.breesnewworld.nl\/de\/wp-json\/wp\/v2\/media\/7932"}],"wp:attachment":[{"href":"https:\/\/www.breesnewworld.nl\/de\/wp-json\/wp\/v2\/media?parent=7926"}],"wp:term":[{"taxonomy":"product_brand","embeddable":true,"href":"https:\/\/www.breesnewworld.nl\/de\/wp-json\/wp\/v2\/product_brand?post=7926"},{"taxonomy":"product_cat","embeddable":true,"href":"https:\/\/www.breesnewworld.nl\/de\/wp-json\/wp\/v2\/product_cat?post=7926"},{"taxonomy":"product_tag","embeddable":true,"href":"https:\/\/www.breesnewworld.nl\/de\/wp-json\/wp\/v2\/product_tag?post=7926"}],"curies":[{"name":"wp","href":"https:\/\/api.w.org\/{rel}","templated":true}]}}